{"id":14,"date":"2019-09-11T14:11:32","date_gmt":"2019-09-11T12:11:32","guid":{"rendered":"http:\/\/www4.ekf.tuke.sk\/kamahi\/?page_id=14"},"modified":"2019-11-07T14:16:09","modified_gmt":"2019-11-07T13:16:09","slug":"blog","status":"publish","type":"page","link":"https:\/\/kamahi.ekf.tuke.sk\/index.php\/blog\/","title":{"rendered":"Pre \u0161tudentov"},"content":{"rendered":"\n<div style=\"float: left; width: 100%\"><a href=\"https:\/\/kamahi.ekf.tuke.sk\/index.php\/informacie-a-harmonogram-studia\/\" target=\"_self\" class=\"btn-normal\" rel=\"noopener noreferrer\">\n<h2><font color=\"white\" size=\"5px\">INFORM\u00c1CIE A HARMONOGRAM<\/font><\/h2><\/a>\n<\/div>\n\n<div style=\"float: left; width: 50%\"><a href=\"https:\/\/kamahi.ekf.tuke.sk\/index.php\/predmety\/\" target=\"_self\" class=\"btn-normal\" rel=\"noopener noreferrer\">\n<h2><font color=\"white\" size=\"5px\">PREDMETY<\/font><\/h2><\/a>\n<\/div>\n\n<div style=\"float: right; width: 50%\"><a href=\"https:\/\/kamahi.ekf.tuke.sk\/index.php\/dolezite-linky\/\" target=\"_self\" class=\"btn-normal\" rel=\"noopener noreferrer\">\n<h2><font color=\"white\" size=\"5px\">D\u00d4LE\u017dIT\u00c9 LINKY<\/font><\/h2><\/a>\n<\/div>\n","protected":false},"excerpt":{"rendered":"<p>INFORM\u00c1CIE A HARMONOGRAM PREDMETY D\u00d4LE\u017dIT\u00c9 LINKY<\/p>\n","protected":false},"author":1,"featured_media":0,"parent":0,"menu_order":0,"comment_status":"closed","ping_status":"closed","template":"","meta":{"footnotes":""},"class_list":["post-14","page","type-page","status-publish","hentry","no-post-thumbnail"],"_links":{"self":[{"href":"https:\/\/kamahi.ekf.tuke.sk\/index.php\/wp-json\/wp\/v2\/pages\/14"}],"collection":[{"href":"https:\/\/kamahi.ekf.tuke.sk\/index.php\/wp-json\/wp\/v2\/pages"}],"about":[{"href":"https:\/\/kamahi.ekf.tuke.sk\/index.php\/wp-json\/wp\/v2\/types\/page"}],"author":[{"embeddable":true,"href":"https:\/\/kamahi.ekf.tuke.sk\/index.php\/wp-json\/wp\/v2\/users\/1"}],"replies":[{"embeddable":true,"href":"https:\/\/kamahi.ekf.tuke.sk\/index.php\/wp-json\/wp\/v2\/comments?post=14"}],"version-history":[{"count":88,"href":"https:\/\/kamahi.ekf.tuke.sk\/index.php\/wp-json\/wp\/v2\/pages\/14\/revisions"}],"predecessor-version":[{"id":3040,"href":"https:\/\/kamahi.ekf.tuke.sk\/index.php\/wp-json\/wp\/v2\/pages\/14\/revisions\/3040"}],"wp:attachment":[{"href":"https:\/\/kamahi.ekf.tuke.sk\/index.php\/wp-json\/wp\/v2\/media?parent=14"}],"curies":[{"name":"wp","href":"https:\/\/api.w.org\/{rel}","templated":true}]}}