{"id":256,"date":"2019-09-12T14:21:38","date_gmt":"2019-09-12T12:21:38","guid":{"rendered":"http:\/\/www4.ekf.tuke.sk\/kamahi\/?page_id=256"},"modified":"2020-10-30T10:07:28","modified_gmt":"2020-10-30T09:07:28","slug":"miroslava-nyulasziova","status":"publish","type":"page","link":"https:\/\/kamahi.ekf.tuke.sk\/index.php\/miroslava-nyulasziova\/","title":{"rendered":"Miroslava Nyul\u00e1sziov\u00e1"},"content":{"rendered":"\n<style type=\"text\/css\">\n.entry-content table,\n.entry-content th,\n.entry-content tr,\n.entry-content td{\n\tborder:none;\n}\n\ntable.other,\ntd.other,\ntr.other{\n\tpadding: 5px 5px 5px;\n}\ntable.other,\ntd.other,\ntr.other{\nborder: 1px solid black;\n}\n<\/style>\n<table style=\"float: left; width: 950px\">\n<tr>\n<td align=\"right\"><h4><a href=\"#experience\" target=\"_self\" class=\"btn-secondary\" rel=\"noopener noreferrer\">Pedagogick\u00e1 \u010dinnos\u0165<\/a><\/h4><\/td>\n<td align=\"center\"><h4><a href=\"#work\" target=\"_self\" class=\"btn-secondary\" rel=\"noopener noreferrer\">Publik\u00e1cie<\/a><\/h4><\/td>\n<td align=\"center\"><h4><a href=\"#project\" target=\"_self\" class=\"btn-secondary\" rel=\"noopener noreferrer\">Projekty<\/a><\/h4><\/td>\n<td align=\"left\"><h4><a href=\"#contact\" target=\"_self\" class=\"btn-secondary\" rel=\"noopener noreferrer\">Kontakt<\/a><\/h4><\/td>\n<tr>\n<\/table>\n\n<div style=\"float: left; width: 75%\"><p align=\"justify\">Som odbornou asistentkou na KAMaHI Ekonomickej fakulty, Technickej univerzity v Ko\u0161iciach. M\u00e1m ukon\u010den\u00e9 vysoko\u0161kolsk\u00e9 vzdelanie 3. stup\u0148a na Katedre kybernetiky a umelej inteligencie, Fakulty elektrotechniky a informatiky v \u0161tudijnom programe Hospod\u00e1rska informatika. Dizerta\u010dn\u00fa pr\u00e1cu som obhajovala v j\u00fani 2018 na t\u00e9mu Podpora rozhodovania vo vybranom logistickom procese met\u00f3dami anal\u00fdzy d\u00e1t. P\u00f4sobila som v organiza\u010dnom v\u00fdbore konferencie SCYR 2015, SCYR 2016, <a href=\"https:\/\/wikt.kkui.fei.tuke.sk\/2015\/\" target=\"_blank\" rel=\"noopener noreferrer\">WIKT 2015<\/a> a <a href=\"https:\/\/wikt.kkui.fei.tuke.sk\/2017\/\" target=\"_blank\" rel=\"noopener noreferrer\">WIKT 2017<\/a>. Medzi <b>oblasti odborn\u00e9ho z\u00e1ujmu<\/b> patr\u00ed d\u00e1tov\u00e1 analytika, objavovanie znalost\u00ed, programovac\u00ed jazyk R a business intelligence. <\/p><\/div>\n\n<img loading=\"lazy\" decoding=\"async\" width=\"2000\" height=\"3000\" style=\"width: 250px; float: right\" class=\"wp-image-364\" src=\"https:\/\/kamahi.ekf.tuke.sk\/wp-content\/uploads\/2019\/09\/KAMaHI_Muchova-1.jpg\" alt=\"\" srcset=\"https:\/\/kamahi.ekf.tuke.sk\/wp-content\/uploads\/2019\/09\/KAMaHI_Muchova-1.jpg 2000w, https:\/\/kamahi.ekf.tuke.sk\/wp-content\/uploads\/2019\/09\/KAMaHI_Muchova-1-200x300.jpg 200w, https:\/\/kamahi.ekf.tuke.sk\/wp-content\/uploads\/2019\/09\/KAMaHI_Muchova-1-768x1152.jpg 768w, https:\/\/kamahi.ekf.tuke.sk\/wp-content\/uploads\/2019\/09\/KAMaHI_Muchova-1-683x1024.jpg 683w\" sizes=\"(max-width: 2000px) 100vw, 2000px\" \/>\n\n<div style=\"float: left; width: 75%\"><p align=\"left\"> \n<h4><a name=\"experience\">Pedagogick\u00e1 \u010dinnos\u0165<\/a><\/h4>\nCvi\u010denia z predmetu: <a href=\"https:\/\/www2.ekf.tuke.sk\/moodle\/course\/view.php?id=29\" target=\"blank\"  rel=\"noopener noreferrer\">Informatika I<\/a> (zimn\u00fd semester, 1. Bc) a <a href=\"https:\/\/www2.ekf.tuke.sk\/moodle\/course\/view.php?id=28\" target=\"blank\" rel=\"noopener noreferrer\">Informatika II<\/a> (letn\u00fd semester, 1. Bc).\n\n<p><b><\/br>Konzulta\u010dn\u00e9 hodiny<\/b><\/p>\n<ul>\n<li>Po dohode mailom<\/li>\n<\/ul>\n<p><b>Vedenie z\u00e1vere\u010dn\u00fdch pr\u00e1c<\/b><\/p>\n<p><i>Bakal\u00e1rska pr\u00e1ca:<\/i><\/p>\n<ul>\n<li>Vyu\u017eitie Business Intelligence v krajin\u00e1ch V4<\/li>\n<li>Mo\u017enosti vyu\u017eitia kvantitat\u00edvnych met\u00f3d v ekon\u00f3mii<\/li>\n<\/ul>\n<p><i>Ukon\u010den\u00e9, konzultovan\u00e9 z\u00e1vere\u010dn\u00e9 pr\u00e1ce:<\/i><\/p>\n<ul>\n<li>N\u00e1stroje Business Intelligence v ekonomike<\/li>\n<li>Vytvorenie syst\u00e9mu pre podporu rozhodovania vybran\u00e9ho procesu logistickej firmy<\/li>\n<li>Anal\u00fdza vybran\u00e9ho procesu logistickej firmy a jeho podpora vyu\u017eit\u00edm met\u00f3d dolovania v d\u00e1tach<\/li>\n<li>Vyu\u017eitie modelov predikt\u00edvneho dolovania pre anal\u00fdzu d\u00e1t logistickej firmy<\/li>\n<li>Anal\u00fdza d\u00e1t z logistickej firmy s vyu\u017eit\u00edm n\u00e1strojov Business Intelligence<\/li>\n<li>Customer Intelligence s vyu\u017eit\u00edm anal\u00fdzy zvolenej d\u00e1tovej mno\u017einy<\/li>\n<li>N\u00e1vrh, implement\u00e1cia a vyhodnotenie aplik\u00e1cie pre podporu v\u00fdu\u010dby algoritmov dolovania v d\u00e1tach<\/li>\n<li>Modelovanie \u010dinnosti v\u00fd\u0165ahu v jazyku Matlab\/Simulink<\/li>\n<\/ul>\n<\/div>\n\n<h4><a name=\"work\">Publik\u00e1cie<\/a><\/h4>\n<h5>5 najv\u00fdznamnej\u0161\u00edch publik\u00e1cii<\/h5>\n<ul align=\"justify\">\n<table class=\"other\">\n<tbody>\n<tr class=\"other\">\n<td class=\"other\"  width=\"7%\"><strong>Kateg\u00f3ria<\/strong><\/td>\n<td class=\"other\"><strong>Publik\u00e1cia<\/strong><\/td>\n<tr class=\"other\">\n<td class=\"other\"><strong>AFC<\/strong><\/td>\n<td class=\"other\">Using predictive data mining models for data analysis in a logistics company \/ Miroslava Muchov\u00e1, J\u00e1n Parali\u010d, Michael Nem\u010d\u00edk &#8211; 2018. In: Advances in Intelligent Systems and Computing : Informationa Systems Architecture and Technology : ISAT 2017. &#8211; Cham : Springer International Publishing AG, 2018 P. 161-170. &#8211; ISBN 978-3-319-67220-5<\/td>\n<\/tr>\n<\/tr>\n<tr class=\"other\">\n<td class=\"other\"><strong>ADE<\/strong><\/td>\n<td class=\"other\">What is a relation between data analytics and medical diagnostics? \/ Franti\u0161ek Babi\u010d &#8230; [et al.] &#8211; 2017. In: International Journal on Biomedicine and Healthcare. Vol. 5, no. 1 (2017), p. 8-12. &#8211; ISSN 1805-8698<\/td>\n<\/tr>\n<tr class=\"other\">\n<td class=\"other\"><strong>AFD<\/strong><\/td>\n<td class=\"other\">Simple understandable analysis of medical data to support the diagnostic process \/ Franti\u0161ek Babi\u010d &#8230; [et al.] &#8211; 2017. In: SAMI 2017. &#8211; Danvers : IEEE, 2017 S. 153-158. &#8211; ISBN 978-1-5090-5654-5<\/td>\n<\/tr>\n<tr class=\"other\">\n<td class=\"other\"><strong>AFD<\/strong><\/td>\n<td class=\"other\">An approach to support education of data mining algorithms \/ M. Muchov\u00e1, J. Parali\u010d, M. Jan\u010du\u0161 &#8211; 2017. In: SAMI 2017. &#8211; Danvers : IEEE, 2017 S. 93-98. &#8211; ISBN 978-1-5090-5654-5<\/td>\n<\/tr>\n<tr class=\"other\">\n<td class=\"other\"><strong>AFC<\/strong><\/td>\n<td class=\"other\">Fundaments of a data stream mining platform for road quality evaluation using smartphone sensors \/ Vladim\u00edr Ga\u0161par, Miroslava Muchov\u00e1, Ladislav Nyul\u00e1szi &#8211; 2015. In: CINTI 2015. &#8211; Danvers : IEEE, 2015 P. 249-253. &#8211; ISBN 978-1-4673-8519-0<\/td>\n<\/tr>\n<\/tbody>\n<\/table>\n<\/ul>\n<li><a href=\"https:\/\/epc.lib.tuke.sk\/EvidPublQ.aspx?rok=9999&#038;priezv=Nyulasziova&#038;meno=Miroslava\" target=\"_blank\" rel=\"noopener noreferrer\">Zoznam v\u0161etk\u00fdch publik\u00e1ci\u00ed<\/a><\/li>\n<\/ul>\n\n<h4><a name=\"project\">Projekty<\/a><\/h4>\n<i>N\u00e1rodn\u00e9 projekty<\/i>\n<ul>\n<li><a href=\"https:\/\/hi.kkui.fei.tuke.sk\/projekt1\/\" target=\"_blank\" rel=\"noopener noreferrer\">VEGA 1\/0493\/16<\/a> &#8211; Met\u00f3dy a modely pre anal\u00fdzu pr\u00fadov d\u00e1t <\/li>\n<li><a href=\"https:\/\/hi.kkui.fei.tuke.sk\/projekt3\/\" target=\"_blank\" rel=\"noopener noreferrer\">APVV-16-0213<\/a> &#8211; Znalostn\u00e9 pr\u00edstupy k inteligentnej anal\u00fdze ve\u013ek\u00fdch d\u00e1t<\/li>\n<li>KEGA 005TUKE-4\/2017 &#8211; Zavedenie praktickej v\u00fdu\u010dby mobiln\u00fdch technol\u00f3gi\u00ed prostredn\u00edctvom v\u00fdvoja aplik\u00e1cia pre inteligentn\u00e9 zariadenia<\/li>\n<li>KEGA 025TUKE-4\/2015 &#8211; Zavedenie v\u00fdu\u010dby anal\u00fdzy ve\u013ek\u00fdch d\u00e1t <\/li>\n<li><a href=\"https:\/\/www.uvptechnicom.sk\/vyskum-a-vyvoj\/informacne-a-komunikacne-technologie\/it-nastroje-a-sluzby-pre-analyzu-roznych-typov-procesov\/\" target=\"_blank\" rel=\"noopener noreferrer\">projekt Univerzitn\u00e9ho vedeck\u00e9ho parku Technicom<\/a> &#8211; pilotn\u00fd projekt \u010d. 4 v r\u00e1mci aktivity 3.1. Pilotn\u00e9 projekty v odbore Informa\u010dn\u00e9 a komunika\u010dn\u00e9 technol\u00f3gie: IT n\u00e1stroje a slu\u017eby pre anal\u00fdzu r\u00f4znych typov procesov<\/li>\n<li>projekt FEI &#8211; Efekt\u00edvna diagnostika vybran\u00fdch chor\u00f4b prostredn\u00edctvom vhodn\u00fdch met\u00f3d anal\u00fdzy d\u00e1t<\/li>\n<\/ul>\n\n<h4><a name=\"contact\">Kontakt<\/a><\/h4>\n<table>\n<tr>\n<td><b>Adresa<\/b><\/td>\n<td><b>Kancel\u00e1ria<\/b><\/td>\n<td><b>Telef\u00f3n<\/b><\/td>\n<td><b>E-mail<\/b><\/td>\n<\/tr>\n\n<tr>\n<td>Technick\u00e1 univerzita v Ko\u0161iciach<p>N\u011bmcovej 32, 040 01  Ko\u0161ice<\/td>\n<td>\u010c\u00edslo dver\u00ed: 211<\/td>\n<td>055\/602 3269<\/td>\n<td>miroslava.nyulasziova@tuke.sk<\/td>\n<tr>\n<\/table>\n","protected":false},"excerpt":{"rendered":"<p>Pedagogick\u00e1 \u010dinnos\u0165 Publik\u00e1cie Projekty Kontakt Som odbornou asistentkou na KAMaHI Ekonomickej fakulty, Technickej univerzity v Ko\u0161iciach. M\u00e1m ukon\u010den\u00e9 vysoko\u0161kolsk\u00e9 vzdelanie 3. stup\u0148a na Katedre kybernetiky&hellip;<\/p>\n","protected":false},"author":1,"featured_media":0,"parent":0,"menu_order":0,"comment_status":"closed","ping_status":"closed","template":"","meta":{"footnotes":""},"class_list":["post-256","page","type-page","status-publish","hentry","no-post-thumbnail"],"_links":{"self":[{"href":"https:\/\/kamahi.ekf.tuke.sk\/index.php\/wp-json\/wp\/v2\/pages\/256"}],"collection":[{"href":"https:\/\/kamahi.ekf.tuke.sk\/index.php\/wp-json\/wp\/v2\/pages"}],"about":[{"href":"https:\/\/kamahi.ekf.tuke.sk\/index.php\/wp-json\/wp\/v2\/types\/page"}],"author":[{"embeddable":true,"href":"https:\/\/kamahi.ekf.tuke.sk\/index.php\/wp-json\/wp\/v2\/users\/1"}],"replies":[{"embeddable":true,"href":"https:\/\/kamahi.ekf.tuke.sk\/index.php\/wp-json\/wp\/v2\/comments?post=256"}],"version-history":[{"count":393,"href":"https:\/\/kamahi.ekf.tuke.sk\/index.php\/wp-json\/wp\/v2\/pages\/256\/revisions"}],"predecessor-version":[{"id":3637,"href":"https:\/\/kamahi.ekf.tuke.sk\/index.php\/wp-json\/wp\/v2\/pages\/256\/revisions\/3637"}],"wp:attachment":[{"href":"https:\/\/kamahi.ekf.tuke.sk\/index.php\/wp-json\/wp\/v2\/media?parent=256"}],"curies":[{"name":"wp","href":"https:\/\/api.w.org\/{rel}","templated":true}]}}