{"id":268,"date":"2019-09-12T14:31:08","date_gmt":"2019-09-12T12:31:08","guid":{"rendered":"http:\/\/www4.ekf.tuke.sk\/kamahi\/?page_id=268"},"modified":"2022-04-25T10:29:07","modified_gmt":"2022-04-25T08:29:07","slug":"jozef-bucko","status":"publish","type":"page","link":"https:\/\/kamahi.ekf.tuke.sk\/index.php\/jozef-bucko\/","title":{"rendered":"Jozef Bucko"},"content":{"rendered":"\n<style type=\"text\/css\">\n.entry-content table,\n.entry-content th,\n.entry-content tr,\n.entry-content td{\n\tborder:none;\n}\ntable.other,\ntd.other,\ntr.other{\n\tpadding: 5px 5px 5px;\n}\ntable.other,\ntd.other,\ntr.other{\nborder: 1px solid black;\n}\n<\/style>\n\n<table style=\"float: left; width: 950px\">\n<tr>\n<td align=\"right\"><h4><a href=\"#experience\" target=\"_self\" class=\"btn-secondary\" rel=\"noopener noreferrer\">Pedagogick\u00e1 \u010dinnos\u0165<\/a><\/h4><\/td>\n<td align=\"center\"><h4><a href=\"#work\" target=\"_self\" class=\"btn-secondary\" rel=\"noopener noreferrer\">Publik\u00e1cie<\/a><\/h4><\/td>\n<td align=\"center\"><h4><a href=\"#project\" target=\"_self\" class=\"btn-secondary\" rel=\"noopener noreferrer\">Projekty<\/a><\/h4><\/td>\n<td align=\"left\"><h4><a href=\"#contact\" target=\"_self\" class=\"btn-secondary\" rel=\"noopener noreferrer\">Kontakt<\/a><\/h4><\/td>\n<tr>\n<\/table>\n\n<div style=\"float: left; width: 75%\"><p align=\"justify\">\n<h4><a name=\"experience\">Popis o sebe<\/a><\/h4>\n<\/p>docent, ved\u00faci katedry\n<\/p>\noblasti odborn\u00e9ho z\u00e1ujmu:\n<\/p>\ninforma\u010dno-komunika\u010dn\u00e9 technol\u00f3gie: digit\u00e1lna anal\u00fdza d\u00e1t, syst\u00e9my pre podporu rozhodovania, elektronick\u00fd marketing, elektronick\u00e9 podnikanie, bezpe\u010dnos\u0165 elektronickej komunik\u00e1cie, elektronick\u00e9mu podpisu, dedi\u010dn\u00e9 vlastnosti grafov, syst\u00e9my pre podporu di\u0161tan\u010dn\u00e9ho vzdel\u00e1vania &#8211; e-Learning.\n<\/p>\n\u017divotopis vo form\u00e1te EUROPASS \u2013 <a href=\"https:\/\/kamahi.ekf.tuke.sk\/wp-content\/uploads\/2019\/11\/CV_bucko.pdf\" target=\"_blank\" rel=\"noopener noreferrer\">SK<\/a>\/<a href=\"https:\/\/kamahi.ekf.tuke.sk\/wp-content\/uploads\/2019\/11\/CV_Bucko_en.pdf\" target=\"_blank\" rel=\"noopener noreferrer\">EN<\/a>\n<\/p>\nORCID No: <a href=\"https:\/\/orcid.org\/0000-0002-0791-1179\" target=\"_blank\" rel=\"noopener noreferrer\">0000-0002-0791-1179<\/a>\n<\/p>\n\u010dlenstvo:\n<ul>\n<li><a href=\"https:\/\/hereditarnia.ics.upjs.sk\/\" target=\"_blank\" rel=\"noopener noreferrer\">Hereditarnia<\/a><\/li>\n<li><a href=\"http:\/\/www.jsmf.eu\/\" target=\"_blank\" rel=\"noopener noreferrer\">Jednota slovensk\u00fdch matematikov a fyzikov<\/a><\/li>\n<\/ul>\n<\/div>\n\n<img decoding=\"async\" style=\"width: 250px; float: right\" class=\"wp-image-364\" src=\"https:\/\/kamahi.ekf.tuke.sk\/wp-content\/uploads\/2022\/04\/Staffino_foto_mensie2.jpg\">\n\n<div style=\"float: left; width: 75%\"><p align=\"left\"> \n<h4><a name=\"experience\">Pedagogick\u00e1 \u010dinnos\u0165<\/a><\/h4>\n<b>Predn\u00e1\u0161ky a semin\u00e1re z predmetu:<\/b>\n<ul>\n<li>Informatika I<\/li>\n<li>Ekonomick\u00e9 informa\u010dn\u00e9 syst\u00e9my<\/li>\n<li>Informa\u010dn\u00e9 syst\u00e9my pred podporu rozhodovania<\/li>\n<li>Elektronick\u00e9 slu\u017eby v bankovn\u00edctve<\/li>\n<\/ul>\n<p><b>Konzulta\u010dn\u00e9 hodiny<\/b><\/p>\n<ul>\n<li>Na z\u00e1klade dohody prostredn\u00edctvom emailovej komunik\u00e1cie<\/li>\n<\/ul>\n<p><b>Vedenie z\u00e1vere\u010dn\u00fdch pr\u00e1c<\/b><\/p>\n<i>Bakal\u00e1rske pr\u00e1ce ukon\u010den\u00e9 v roku 2019:<\/i>\n<ul>\n<li>Sk\u00famanie z\u00e1kazn\u00edckej cesty<\/li>\n<li>Vyu\u017eitie NFC technol\u00f3gie a jej ekonomick\u00fd pr\u00ednos v podniku<\/li>\n<li>Alternat\u00edvne sp\u00f4soby z\u00edskavania z\u00e1kazn\u00edkov v online prostred\u00ed<\/li>\n<li>Nov\u00e9 trendy elektronick\u00e9ho bankovn\u00edctva a ich integr\u00e1cia v podnikate\u013eskom subjekte<\/li>\n<\/ul>\n<i>Diplomov\u00e9 pr\u00e1ce ukon\u010den\u00e9 v roku 2019:<\/i>\n<ul>\n<li>Bezpe\u010dnos\u0165 technol\u00f3gi\u00ed Internet of Things (IoT)<\/li>\n<li>Technol\u00f3gia Internet vec\u00ed a jej integr\u00e1cia v skladovom hospod\u00e1rstve<\/li>\n<li>Anal\u00fdza n\u00e1kupn\u00fdch ciest z\u00e1kazn\u00edkov a maximaliz\u00e1cia zisku internetov\u00fdch obchodov<\/li>\n<\/ul>\n<i>Ukon\u010den\u00e9 dizerta\u010dn\u00e9 pr\u00e1ce:<\/i>\n<ul>\n<li>Business intelligence (BI) podnikov\u00fdch procesov<\/li>\n<li>Aplika\u010dn\u00e9 vyu\u017eitie digit\u00e1lnej anal\u00fdzy ako s\u00fa\u010das\u0165 business intelligence<\/li>\n<li>Sp\u00f4soby modelovania elektronick\u00fdch finan\u010dn\u00fdch slu\u017eieb<\/li>\n<\/ul>\n<\/div>\n\n<h4><a name=\"work\">Publik\u00e1cie<\/a><\/h4>\n<h5>5 najv\u00fdznamnej\u0161\u00edch publik\u00e1cii<\/h5>\n<ul align=\"justify\">\n<table class=\"other\">\n<tbody>\n<tr class=\"other\">\n<td class=\"other\" width=\"7%\"><strong>Kateg\u00f3ria<\/strong><\/td>\n<td class=\"other\"><strong>Publik\u00e1cia<\/strong><\/td>\n<\/tr>\n<tr class=\"other\">\n<td class=\"other\"><strong>ADC<\/strong><\/td>\n<td class=\"other\">Security of Smart Banking Applications in Slovakia \/ Jozef Bucko &#8211; 2017. In: Journal of Theoretical and Applied Electronic Commerce Research. Vol. 12, no. 1 (2017), p. 42-52. &#8211; ISSN 0718\u20131876<\/td>\n<\/tr>\n<tr class=\"other\">\n<td class=\"other\"><strong>ADC<\/strong><\/td>\n<td class=\"other\">Differences in Buyer Journey between High- and Low-Value Customers of E-Commerce Business \/ Luk\u00e1\u0161 Kakalej\u010d\u00edk, Jozef Bucko, Martin Veja\u010dka &#8211; 2019. In: Journal of Theoretical and Applied Electronic Commerce Research. Ro\u010d. 14, \u010d. 2 (2019), s. 47-58 [online]. &#8211; ISSN 0718-1876 (online)<\/td>\n<\/tr>\n<tr class=\"other\">\n<td class=\"other\"><strong>ADM<\/strong><\/td>\n<td class=\"other\">Online shopping: Factors that affect consumer purchasing behaviour \/ Jozef Bucko, Luk\u00e1\u0161 Kakalej\u010d\u00edk, Martina Ferencov\u00e1 &#8211; 2018. In: Cogent Business and Management. &#8211; Oslo (N\u00f3rsko) : Taylor &#038; Francis Ro\u010d. 5, \u010d. 1 (2018), s. 1-15 . &#8211; ISSN 2331-1975 Sp\u00f4sob pr\u00edstupu: https:\/\/www.cogentoa.com\/article\/10.1080\/23311975.2018.1535751.pdf<\/td>\n<\/tr>\n<tr class=\"other\">\n<td class=\"other\"><strong>ADC<\/strong><\/td>\n<td class=\"other\">On uniquely partitionable planar graphs \/ Peter Mih\u00f3k, Jozef Bucko, Margit Voigt &#8211; 1998. In: Discrete Mathematics. Vol. 191 (1998), p. 149-158. &#8211; ISSN 0012-365X<\/td>\n<\/tr>\n<tr class=\"other\">\n<td class=\"other\"><strong>ADC<\/strong><\/td>\n<td class=\"other\">Impact of direct traffic effect on online sales \/  KAKALEJ\u010c\u00cdK, Luk\u00e1\u0161 &#8211; BUCKO, Jozef &#8211; DANKO, Jakub &#8211; 2020. In: Journal of Research in Interactive Marketing. &#8211; Bingley (Ve\u013ek\u00e1 Brit\u00e1nia) : Emerald Group Publishing Ro\u010d. 14, \u010d. 1 (2020), s. 17-32 [online]. &#8211; ISSN 2040-7122<\/td>\n<\/tr>\n<\/tbody>\n<\/table>\n<\/ul>\n<li><a href=\"https:\/\/kamahi.ekf.tuke.sk\/wp-content\/uploads\/2022\/04\/bucko_pub_cinnost_vsetko.docx\" target=\"_blank\" rel=\"noopener noreferrer\">Zoznam v\u0161etk\u00fdch publik\u00e1ci\u00ed do roku 2021<\/a><\/li>\n<\/ul>\n<li><a href=\"https:\/\/www.scopus.com\/authid\/detail.uri?authorId=6603336388\" target=\"_blank\" rel=\"noopener noreferrer\">Zoznam publik\u00e1ci\u00ed Scopus<\/a><\/li>\n<\/ul>\n<h4><a name=\"project\">Projekty<\/a><\/h4>\n<p>\n<i>Medzin\u00e1rodn\u00e9 projekty<\/i>\n<ul>\n<li>BEEP &#8211; Best eEurope practices \u2013 5. r\u00e1mcov\u00fd program IST-2000-26224 financovan\u00fd Eur\u00f3pskou komisiou. 2001 &#8211; 2003. (coordinator Danish Technological Institut) &#8211; rie\u0161ite\u013e<\/li>\n<li>Fluid Win \u201eFinance, Logistics and Production Integration Domain by Web-based Interaction Network\u201c 6. r\u00e1mcov\u00fd program IST STREP 27083 \u2013 rie\u0161ite\u013e<\/li>\n<li>Faster &#8211; Financial and Accounting Seminars Targeting European Regions, 518894- LLP-1- 2011-1-GRKA3-K3MP &#8211; rie\u0161ite\u013e <\/li>\n<li>NICE  &#8211; 2020-1-CZ01-KA201-078488 &#8211; EC-Erasmus+ &#8211; Network for Inter-Institutional Cooperation in Entrepreneurial Education, 2020 \u2013 2023 \u2013 rie\u0161ite\u013e<\/li>\n<\/ul>\n\n<i>N\u00e1rodn\u00e9 projekty<\/i>\n<ul>\n<li>VEGA 1\/4377\/97 \u2013 Mnohosteny, grafy a in\u00e9 kombinatorick\u00e9 \u0161trukt\u00fary, 1997, spolurie\u0161ite\u013e projektu<\/li>\n<li>VEGA 2\/1131\/21 &#8211; Algebraic Structures with Relation to Ordering and Graph Theory 2001,spolurie\u0161ite\u013e projektu<\/li>\n<li>PHARE &#8211; REKOSIT &#8211; projekt N\u00e1r. \u00faradu pr\u00e1ce \u201eRekvalifik\u00e1cia v oblasti E-business\u201c \u2013 lektorovanie a tvorba materi\u00e1lov \u2013 2002 (kontraktor STU Bratislava) \u2013 lektor\/rie\u0161ite\u013e<\/li>\n<li>PHARE \u2013 Web-Technol\u00f3gie pre podnikate\u013eov (elektronick\u00e1 komercia). Projekt N\u00daP SK 0009.03 Grantov\u00e1 sch\u00e9ma rozvoja \u013eudsk\u00fdch zdrojov prostredn\u00edctvom poradenstva a vzdel\u00e1vania. \u2013 lektor\/rie\u0161ite\u013e<\/li>\n<li>IDEP &#8211; Di\u0161tan\u010dn\u00fd kurz \u201ePr\u00edprava, mana\u017ement a strategick\u00e9 pl\u00e1novanie projektov vo vzdel\u00e1van\u00ed\u201c, (kontraktor STU Bratislava), 2002, spolurie\u0161ite\u013e projektu<\/li>\n<li>VEGA 1\/1222\/04 Meranie efekt\u00edvnosti dynamick\u00fdch transak\u010dn\u00fdch met\u00f3d v elektronickom obchode, 2004, spolurie\u0161ite\u013e projektu<\/li>\n<li>VEGA 2\/4134\/24 &#8211; Algebraic Structures with Relation to Ordering and Graph Theory, spolurie\u0161ite\u013e, 2004, spolurie\u0161ite\u013e projektu<\/li>\nOLeB &#8211; 61\/131\/2005 &#8211; On-line  kurz: \u201ce-Podnikanie mal\u00fdch a stredn\u00fdch firiem v informa\u010dnej spolo\u010dnosti\u201d, spolurie\u0161ite\u013e projektu<\/li>\n<li>Rozvojov\u00fd projekt 2005 Tvorba aplik\u00e1ci\u00ed vyu\u017e\u00edvaj\u00facich elektronick\u00fd podpis na Technickej univerzite v Ko\u0161iciach. Projekt financovan\u00fd Ministerstvom \u0161kolstva SR v r\u00e1mci programu: \u201eElektronick\u00e9 vzdel\u00e1vanie\u201c, 2005- 2006 \u2013 z\u00e1stupca ved\u00faceho projektu<\/li>\n<li>EBABEK 2007vs026 &#8211; \u201eElektronick\u00e9 bankovn\u00edctvo a bezpe\u010dnos\u0165 elektronickej komunik\u00e1cie (EBABEK)\u201c, za podpory spolo\u010dnosti pre filantropiu Tatrabanky, ved\u00faci projektu<\/li>\n<li>VEGA 2\/7141\/27 &#8211; Algebraic Structures with Relation to Ordering and Graph Theory,, 2007, spolurie\u0161ite\u013e projektu<\/li>\nOPV-2009\/1.2\/01-SORO &#8211; Bal\u00edk inovat\u00edvnych prvkov pre reformu vzdel\u00e1vania na TUKE, spolurie\u0161ite\u013e projektu<\/li>\n<li>eLaboratory &#8211; elektronick\u00e9 laborat\u00f3rium, 2010 \u2013 za podpory spolo\u010dnosti pre filantropiu Tatrabanky, ved\u00faci projektu\n<li>VEGA 1\/0788\/10 &#8211; Aplik\u00e1cie experiment\u00e1lnej ekon\u00f3mie na modelovanie d\u00f4very v podmienkach soci\u00e1lnych siet\u00ed., 2010, spolurie\u0161ite\u013e projektu<\/li>\n<li>VEGA 1\/0945\/12 \u2013 Modely bezpe\u010dnosti distribuovan\u00fdch syst\u00e9mov poskytuj\u00facich elektronick\u00e9 slu\u017eby, 2012 &#8211; ved\u00faci projektu &#8211; zodpovedn\u00fd rie\u0161ite\u013e<\/li>\n<li>VEGA 1\/0201\/19 &#8211; Syst\u00e9my pre podporu rozhodovania a business intelligence v r\u00e1mci sie\u0165ovej ekonomiky, 2019 &#8211; z\u00e1stupca ved\u00faceho projektu &#8211; rie\u0161ite\u013e<\/li>\n<li>OPVal-MH\/DP\/2018\/1.2.2-17 &#8211; \u201eInov\u00e1cia softv\u00e9rov\u00e9ho produktu pre oblas\u0165 zdravotn\u00e9ho poistenia vyu\u017eit\u00edm met\u00f3d strojov\u00e9ho u\u010denia\u201c 2020-2022 &#8211; koordin\u00e1tor TUKE<\/li>\n<li>VEGA  1\/0873\/21 &#8211; Socio-ekonomick\u00fd potenci\u00e1l zdie\u013eania d\u00e1t ako n\u00e1stroja na podporu riadenia inteligentn\u00fdch dod\u00e1vate\u013esk\u00fdch re\u0165azcov, 2021-2022 &#8211; rie\u0161ite\u013e\n<\/li>\n<\/ul>\n<\/p>\n<h4><a name=\"contact\">Kontakt<\/a><\/h4>\n<table>\n<tr>\n<td><b>Adresa<\/b><\/td>\n<td><b>Kancel\u00e1ria<\/b><\/td>\n<td><b>Telef\u00f3n<\/b><\/td>\n<td><b>E-mail<\/b><\/td>\n<tr>\n\n<tr>\n<td>Technick\u00e1 univerzita v Ko\u0161iciach<p>N\u011bmcovej 32, 040 01  Ko\u0161ice<\/td>\n<td>\u010c\u00edslo dver\u00ed: 221<\/td>\n<td>055\/602 3266<\/td>\n<td>jozef.bucko@tuke.sk<\/td>\n<tr>\n<\/table>\n","protected":false},"excerpt":{"rendered":"<p>Pedagogick\u00e1 \u010dinnos\u0165 Publik\u00e1cie Projekty Kontakt Popis o sebe docent, ved\u00faci katedry oblasti odborn\u00e9ho z\u00e1ujmu: informa\u010dno-komunika\u010dn\u00e9 technol\u00f3gie: digit\u00e1lna anal\u00fdza d\u00e1t, syst\u00e9my pre podporu rozhodovania, elektronick\u00fd marketing,&hellip;<\/p>\n","protected":false},"author":1,"featured_media":0,"parent":0,"menu_order":0,"comment_status":"closed","ping_status":"closed","template":"","meta":{"footnotes":""},"class_list":["post-268","page","type-page","status-publish","hentry","no-post-thumbnail"],"_links":{"self":[{"href":"https:\/\/kamahi.ekf.tuke.sk\/index.php\/wp-json\/wp\/v2\/pages\/268"}],"collection":[{"href":"https:\/\/kamahi.ekf.tuke.sk\/index.php\/wp-json\/wp\/v2\/pages"}],"about":[{"href":"https:\/\/kamahi.ekf.tuke.sk\/index.php\/wp-json\/wp\/v2\/types\/page"}],"author":[{"embeddable":true,"href":"https:\/\/kamahi.ekf.tuke.sk\/index.php\/wp-json\/wp\/v2\/users\/1"}],"replies":[{"embeddable":true,"href":"https:\/\/kamahi.ekf.tuke.sk\/index.php\/wp-json\/wp\/v2\/comments?post=268"}],"version-history":[{"count":66,"href":"https:\/\/kamahi.ekf.tuke.sk\/index.php\/wp-json\/wp\/v2\/pages\/268\/revisions"}],"predecessor-version":[{"id":3740,"href":"https:\/\/kamahi.ekf.tuke.sk\/index.php\/wp-json\/wp\/v2\/pages\/268\/revisions\/3740"}],"wp:attachment":[{"href":"https:\/\/kamahi.ekf.tuke.sk\/index.php\/wp-json\/wp\/v2\/media?parent=268"}],"curies":[{"name":"wp","href":"https:\/\/api.w.org\/{rel}","templated":true}]}}