{"id":283,"date":"2019-09-12T14:44:54","date_gmt":"2019-09-12T12:44:54","guid":{"rendered":"http:\/\/www4.ekf.tuke.sk\/kamahi\/?page_id=283"},"modified":"2019-11-15T10:05:44","modified_gmt":"2019-11-15T09:05:44","slug":"erika-liptakova","status":"publish","type":"page","link":"https:\/\/kamahi.ekf.tuke.sk\/index.php\/erika-liptakova\/","title":{"rendered":"Erika Lipt\u00e1kov\u00e1"},"content":{"rendered":"\n<style type=\"text\/css\">\n.entry-content table,\n.entry-content th,\n.entry-content tr,\n.entry-content td{\n\tborder:none;\n}\ntable.other,\ntd.other,\ntr.other{\n\tpadding: 5px 5px 5px;\n}\ntable.other,\ntd.other,\ntr.other{\nborder: 1px solid black;\n}\n<\/style>\n\n<table style=\"float: left; width: 950px\">\n<tr>\n<td align=\"right\"><h4><a href=\"#experience\" target=\"_self\" class=\"btn-secondary\" rel=\"noopener noreferrer\">Pedagogick\u00e1 \u010dinnos\u0165<\/a><\/h4><\/td>\n<td align=\"center\"><h4><a href=\"#work\" target=\"_self\" class=\"btn-secondary\" rel=\"noopener noreferrer\">Publik\u00e1cie<\/a><\/h4><\/td>\n<td align=\"center\"><h4><a href=\"#project\" target=\"_self\" class=\"btn-secondary\" rel=\"noopener noreferrer\">Projekty<\/a><\/h4><\/td>\n<td align=\"left\"><h4><a href=\"#contact\" target=\"_self\" class=\"btn-secondary\" rel=\"noopener noreferrer\">Kontakt<\/a><\/h4><\/td>\n<tr>\n<\/table>\n\n<div style=\"float: left; width: 75%\"><p align=\"justify\">\nPopis o sebe\n<\/p>Odborn\u00e1 asistentka\n<\/div>\n\n<img decoding=\"async\" style=\"width: 250px; float: right\" class=\"wp-image-364\" src=\"https:\/\/kamahi.ekf.tuke.sk\/wp-content\/uploads\/2019\/10\/EkF-zamestnanci-007.jpg\">\n\n<div style=\"float: left; width: 75%\"><p align=\"left\"> \n<h4><a name=\"experience\">Pedagogick\u00e1 \u010dinnos\u0165<\/a><\/h4>\nCvi\u010denia z predmetu: Matematika I., Pravdepodobnos\u0165 a \u0161tatistika, \u0160tatistick\u00e9 met\u00f3dy v ekonomick\u00fdch ved\u00e1ch, \u0160tatistick\u00e9 met\u00f3dy v syst\u00e9me SAS\n\n<p><b><\/br>Konzulta\u010dn\u00e9 hodiny: <\/b><\/p>\n<ul>\n<li>\u0161tvrtok 9:30 &#8211; 11:00 (po predch\u00e1dzaj\u00facom dohovore)<\/li>\n<\/ul>\n<p><b>Vedenie z\u00e1vere\u010dn\u00fdch pr\u00e1c<\/b><\/p>\n<ul>\n<li>(DP) Modelovanie v\u00fdvoja dopytu na trhu pr\u00e1ce v SR<\/li>\n<li>(DP) Zamestnanos\u0165 v SR &#8211; jej modelovanie a progn\u00f3zovanie Poskytnut\u00e1 finan\u010dn\u00e1 podpora v p\u00f4dohospod\u00e1rstve a rozvoji vidieka v Pre\u0161ovskom samospr\u00e1vnom kraji a jej anal\u00fdza<\/li>\n<li>(DP) Kompar\u00e1cia kraj\u00edn Eur\u00f3pskej \u00fanie z poh\u013eadu indik\u00e1torov kvality \u017eivota<\/li>\n<li>(DP) Porovnanie kraj\u00edn V4 z poh\u013eadu v\u00fdvoja cien nehnute\u013enost\u00ed<\/li>\n<li>(DP) Aplik\u00e1cia viacrozmern\u00fdch \u0161tatistick\u00fdch met\u00f3d v oblasti klasifik\u00e1cie ekonomick\u00fdch \u010dinnost\u00ed<\/li>\n<li>(Bc) Poskytnut\u00e1 finan\u010dn\u00e1 podpora v p\u00f4dohospod\u00e1rstve a rozvoji vidieka v Pre\u0161ovskom samospr\u00e1vnom kraji a jej anal\u00fdza<\/li>\n<li>(Bc) Anal\u00fdza region\u00e1lneho rozdelenia dot\u00e1ci\u00ed na podporu rozvoja p\u00f4dohospod\u00e1rstva a vidieka v SR<\/li>\n<li>(Bc) RFM anal\u00fdza z\u00e1kazn\u00edkov ve\u013ekoobchodnej firmy a jej porovnanie vr\u00e1mci jednotliv\u00fdch zahrani\u010dn\u00fdch trhov<\/li>\n<li>(Bc) Mo\u017enosti vyu\u017eitia analytick\u00fdch n\u00e1strojov pri odha\u013eovan\u00ed finan\u010dn\u00fdch fraudov<\/li>\n<li>(Bc) Hodnotenie vplyvu marketingov\u00fdch komunika\u010dn\u00fdch aktiv\u00edt firmy podnikaj\u00facej v oblasti hoteli\u00e9rstva<\/li>\n<li>(Bc) Pou\u017eitie QA matice pri audite WCM (World Class Manufacturing)<\/li>\n<\/ul>\n<\/div>\n\n<h4><a name=\"work\">Publik\u00e1cie<\/a><\/h4>\n<h5>5 najv\u00fdznamnej\u0161\u00edch publik\u00e1cii<\/h5>\n<ul align=\"justify\">\n<table class=\"other\">\n<tbody>\n<tr class=\"other\">\n<td class=\"other\" width=\"7%\"><strong>Kateg\u00f3ria<\/strong><\/td>\n<td class=\"other\"><strong>Publik\u00e1cia<\/strong><\/td>\n<\/tr>\n<tr class=\"other\">\n<td class=\"other\"><strong>ADC<\/strong><\/td>\n<td class=\"other\">Regional Tourism Clustering Based on the Three Ps of the Sustainability Services Marketing Matrix: An Example of Central and Eastern European Countries. \/ Ko\u013evekov\u00e1, G., Lipt\u00e1kov\u00e1, E., \u0160trba, \u013d. \u2026 [et al.] \u2013 2019. In: Sustainability. \u2013 Basel (\u0160vaj\u010diarsko) : MDPI Ro\u010d. 11, \u010d. 2 (2019), s. 1-18 [online]. \u2013 ISSN 2071-1050<\/td>\n<\/tr>\n<tr class=\"other\">\n<td class=\"other\"><strong>ADC<\/strong><\/td>\n<td class=\"other\">First insights into indoor and outdoor Culicoides activity related to the risk period for Bluetongue virus transmission in Eastern Slovakia \/ Adela Sarva\u0161ov\u00e1 \u2026 [et al.] \u2013 2016. In: Acta Parasitologica. Vol. 61, no. 4 (2016), p. 743-755. \u2013 ISSN 1230-2821<\/td>\n<\/tr>\n<tr class=\"other\">\n<td class=\"other\"><strong>ABC<\/strong><\/td>\n<td class=\"other\">The impact of research investments and other indicators on the regional economic development \/ Petra Szlafkaiov\u00e1, Erika Lipt\u00e1kov\u00e1 \u2013 2017. In: Contemporary issues of societal development. \u2013 Novo Mesto : Faculty of Organization Studies, 2017 P. 82-101. \u2013 ISBN 978-961-6974-13-4<\/td>\n<\/tr>\n<tr class=\"other\">\n<td class=\"other\"><strong>BFA<\/strong><\/td>\n<td class=\"other\">Statistical analysis of the influence of traction exercises on postural parameter changes in university students \/ Erika Lipt\u00e1kov\u00e1 \u2026 [et al.] \u2013 2018. In: Quality of Life in Interdisciplinary Approach : Book of abstract. \u2013 Czestochowa (Po\u013esko) : PPHU Projack s. 53-53<\/td>\n<\/tr>\n<tr class=\"other\">\n<td class=\"other\"><strong>ADN<\/strong><\/td>\n<td class=\"other\">Maximizing the potential of mining tourism through knowledge infrastructures \/ Branislav Kr\u0161\u00e1k \u2026 [et al.] \u2013 2015. In: Acta Montanistica Slovaca. Ro\u010d. 20, \u010d. 4 (2015), s. 319-325. \u2013 ISSN 1335-1788<\/td>\n<\/tr>\n<\/tbody>\n<\/table>\n<\/ul>\n<li><a href=\"https:\/\/epc.lib.tuke.sk\/EvidPublQ.aspx?rok=9999&#038;priezv=Liptakova&#038;meno=Erika\" target=\"_blank\" rel=\"noopener noreferrer\">Zoznam v\u0161etk\u00fdch publik\u00e1ci\u00ed<\/a><\/li>\n<\/ul>\n\n\n<h4><a name=\"project\">Projekty n\u00e1rodn\u00e9<\/a><\/h4>\n<li>VEGA 1\/0806\/18 \u2013 Socio-ekonomick\u00e9 hodnotenie a meranie ekonomickej efekt\u00edvnosti kult\u00farnych in\u0161tit\u00faci\u00ed so zameran\u00edm na m\u00faze\u00e1 a gal\u00e9rie na Slovensku (ved\u00faca projektu: doc. Ing. Miriam \u0160ebov\u00e1, PhD.)<\/li>\n<li>APVV-14-0797 &#8211; V\u00fdvoj interakt\u00edvneho business-intelligence syst\u00e9mu na podporu komplexn\u00e9ho rozhodovania a pl\u00e1novania v trhov\u00fdch podmienkach cestovn\u00e9ho ruchu (ved\u00faci projektu: doc. Ing. Branislav Kr\u0161\u00e1k, PhD.)<\/li>\n<li>KEGA 035TUKE-4\/2012 &#8211; Vybudovanie multimedi\u00e1lnej u\u010debne na podporu di\u0161tan\u010dn\u00fdch foriem vzdel\u00e1vania v oblasti k\u013e\u00fa\u010dov\u00fdch kompetenci\u00ed s d\u00f4razom na podnikate\u013esk\u00e9 zru\u010dnosti <\/li>\n<li>Eur\u00f3psky soci\u00e1lny fond OP Vzdel\u00e1vanie ITMS 26110230093 &#8211; Bal\u00edk doplnkov pre \u010eal\u0161iu reformu vzdel\u00e1vania na TUKE<\/li>\n<li>VEGA 1\/0486\/03 &#8211; Ekonomick\u00e9 aspekty zlep\u0161ovania kvality (ved\u00faci projektu doc. RNDr. Michal Tk\u00e1\u010d, CSc.)<\/li>\n<h4><a name=\"contact\">Kontakt<\/a><\/h4>\n<table>\n<tr>\n<td><b>Adresa<\/b><\/td>\n<td><b>Kancel\u00e1ria<\/b><\/td>\n<td><b>Telef\u00f3n<\/b><\/td>\n<td><b>E-mail<\/b><\/td>\n<tr>\n\n<tr>\n<td>Technick\u00e1 univerzita v Ko\u0161iciach<p>N\u011bmcovej 32, 040 01  Ko\u0161ice<\/td>\n<td>\u010c\u00edslo dver\u00ed: 213<\/td>\n<td>055\/602 3274<\/td>\n<td>erika.liptakova@tuke.sk<\/td>\n<tr>\n<\/table>\n","protected":false},"excerpt":{"rendered":"<p>Pedagogick\u00e1 \u010dinnos\u0165 Publik\u00e1cie Projekty Kontakt Popis o sebe Odborn\u00e1 asistentka Pedagogick\u00e1 \u010dinnos\u0165 Cvi\u010denia z predmetu: Matematika I., Pravdepodobnos\u0165 a \u0161tatistika, \u0160tatistick\u00e9 met\u00f3dy v ekonomick\u00fdch ved\u00e1ch,&hellip;<\/p>\n","protected":false},"author":1,"featured_media":0,"parent":0,"menu_order":0,"comment_status":"closed","ping_status":"closed","template":"","meta":{"footnotes":""},"class_list":["post-283","page","type-page","status-publish","hentry","no-post-thumbnail"],"_links":{"self":[{"href":"https:\/\/kamahi.ekf.tuke.sk\/index.php\/wp-json\/wp\/v2\/pages\/283"}],"collection":[{"href":"https:\/\/kamahi.ekf.tuke.sk\/index.php\/wp-json\/wp\/v2\/pages"}],"about":[{"href":"https:\/\/kamahi.ekf.tuke.sk\/index.php\/wp-json\/wp\/v2\/types\/page"}],"author":[{"embeddable":true,"href":"https:\/\/kamahi.ekf.tuke.sk\/index.php\/wp-json\/wp\/v2\/users\/1"}],"replies":[{"embeddable":true,"href":"https:\/\/kamahi.ekf.tuke.sk\/index.php\/wp-json\/wp\/v2\/comments?post=283"}],"version-history":[{"count":15,"href":"https:\/\/kamahi.ekf.tuke.sk\/index.php\/wp-json\/wp\/v2\/pages\/283\/revisions"}],"predecessor-version":[{"id":3396,"href":"https:\/\/kamahi.ekf.tuke.sk\/index.php\/wp-json\/wp\/v2\/pages\/283\/revisions\/3396"}],"wp:attachment":[{"href":"https:\/\/kamahi.ekf.tuke.sk\/index.php\/wp-json\/wp\/v2\/media?parent=283"}],"curies":[{"name":"wp","href":"https:\/\/api.w.org\/{rel}","templated":true}]}}