{"id":299,"date":"2019-09-12T14:52:41","date_gmt":"2019-09-12T12:52:41","guid":{"rendered":"http:\/\/www4.ekf.tuke.sk\/kamahi\/?page_id=299"},"modified":"2019-11-20T10:59:45","modified_gmt":"2019-11-20T09:59:45","slug":"alena-mojsejova","status":"publish","type":"page","link":"https:\/\/kamahi.ekf.tuke.sk\/index.php\/alena-mojsejova\/","title":{"rendered":"Alena Mojsejov\u00e1"},"content":{"rendered":"\n<style type=\"text\/css\">\n.entry-content table,\n.entry-content th,\n.entry-content tr,\n.entry-content td{\n\tborder:none;\n}\ntable.other,\ntd.other,\ntr.other{\n\tpadding: 5px 5px 5px;\n}\ntable.other,\ntd.other,\ntr.other{\nborder: 1px solid black;\n}\n<\/style>\n\n<table style=\"float: left; width: 950px\">\n<tr>\n<td align=\"right\"><h4><a href=\"#experience\" target=\"_self\" class=\"btn-secondary\" rel=\"noopener noreferrer\">Pedagogick\u00e1 \u010dinnos\u0165<\/a><\/h4><\/td>\n<td align=\"center\"><h4><a href=\"#work\" target=\"_self\" class=\"btn-secondary\" rel=\"noopener noreferrer\">Publik\u00e1cie<\/a><\/h4><\/td>\n<td align=\"center\"><h4><a href=\"#project\" target=\"_self\" class=\"btn-secondary\" rel=\"noopener noreferrer\">Projekty<\/a><\/h4><\/td>\n<td align=\"left\"><h4><a href=\"#contact\" target=\"_self\" class=\"btn-secondary\" rel=\"noopener noreferrer\">Kontakt<\/a><\/h4><\/td>\n<tr>\n<\/table>\n\n<div style=\"float: left; width: 75%\"><p align=\"justify\">\nPopis o sebe\n<\/p>odborn\u00e1 asistentka<\/div>\n\n<img decoding=\"async\" style=\"width: 250px; float: right\" class=\"wp-image-364\" src=\"https:\/\/kamahi.ekf.tuke.sk\/wp-content\/uploads\/2019\/10\/EkF-zamestnanci-012.jpg\">\n\n<div style=\"float: left; width: 75%\"><p align=\"left\"> \n<h4><a name=\"experience\">Pedagogick\u00e1 \u010dinnos\u0165<\/a><\/h4>\n<p><b>Cvi\u010denia z predmetov<\/b><\/p>\n<ul>\n<li>Pravdepodobnos\u0165 a \u0161tatistika<\/li>\n<li>\u0160tatistick\u00e9 met\u00f3dy v ekonomick\u00fdch ved\u00e1ch<\/li>\n<li>Probability  and Statistics (in English)<\/li>\n<li>Statistical Methods for Economic Sciences (in English)<\/li>\n<li>Demography and Social Statistics (in English)<\/li>\n<\/ul>\n\n<p><b>Konzulta\u010dn\u00e9 hodiny<\/b><\/p>\n<ul>\n<li>Streda 10:50- 12:20 v miestnosti 213 (po predch\u00e1dzaj\u00facom dohovore)<\/li>\n<\/ul>\n<p><b>Vedenie z\u00e1vere\u010dn\u00fdch pr\u00e1c<\/b><\/p>\n<i>Bakal\u00e1rske pr\u00e1ce rie\u0161en\u00e9 v akademickom roku 2019\/2020:<\/i>\n<ul>\n<li> Plnenie strat\u00e9gie Eur\u00f3pa 2020 v oblasti chudoby a soci\u00e1lneho vyl\u00fa\u010denia<\/li>\n<li>Anal\u00fdza a modelovanie najni\u017e\u0161\u00edch a najvy\u0161\u0161\u00edch pr\u00edjmov v SR<\/li>\n<li>Nerovnos\u0165 v pr\u00edjmoch = nerovnos\u0165 v zdrav\u00ed?<\/li>\n<li>Pracuj\u00faci chudobn\u00ed v SR<\/li>\n<li>Nerovnos\u0165 v pr\u00edjmoch = nerovnos\u0165 v zdrav\u00ed?<\/li>\n<li>V\u00fdvoj a s\u00fa\u010dasn\u00fd stav genderov\u00fdch nerovnost\u00ed na Slovensku<\/li>\n<li>Zad\u013a\u017eenos\u0165 slovensk\u00fdch a eur\u00f3pskych dom\u00e1cnost\u00ed<\/li>\n<\/ul>\n\n<i>Bakal\u00e1rske pr\u00e1ce ukon\u010den\u00e9 v roku 2019:<\/i>\n<ul>\n<li> Mu\u017ei vs.\u017eeny v SR &#8211; ekonomick\u00e1 a soci\u00e1lna \u0161tatistika<\/li>\n<li>Nezamestnanos\u0165 a v\u00fd\u0161ka mzdy v z\u00e1vislosti od dosiahnut\u00e9ho vzdelania<\/li>\n<li>Alternat\u00edvne pr\u00edstupy merania kvality \u013eudsk\u00e9ho rozvoja<\/li>\n<li>Anal\u00fdza indik\u00e1torov \u017eivotnej \u00farovne obyvate\u013estva<\/li>\n<\/ul>\n<\/div>\n\n<h4><a name=\"work\">Publik\u00e1cie<\/a><\/h4>\n<h5>5 najv\u00fdznamnej\u0161\u00edch publik\u00e1cii<\/h5>\n<ul align=\"justify\">\n<table class=\"other\">\n<tbody>\n<tr class=\"other\">\n<td class=\"other\" width=\"7%\"><strong>Kateg\u00f3ria<\/strong><\/td>\n<td class=\"other\"><strong>Publik\u00e1cia<\/strong><\/td>\n<\/tr>\n<tr class=\"other\">\n<td class=\"other\"><strong>ADM<\/strong><\/td>\n<td class=\"other\">On some classes of nonoscillatory solutions of third-order nonlinear differential equations \/ Ivan Mojsej, Alena Tarta\u013eov\u00e1 \u2013 2014. In: Asian-European Journal of Mathematics. Vol. 7, no. 3 (2014), p. 1450039-1-1450039-16. \u2013 ISSN 1793-7183<\/td>\n<\/tr>\n<tr class=\"other\">\n<td class=\"other\"><strong>ADM<\/strong><\/td>\n<td class=\"other\">An extreme value approach in exchange rates modelling \/ Ivan Mojsej, Alena Tarta\u013eov\u00e1 \u2013 2013. In: Journal of Advanced Studies in Finance. Vol. 4, no. 2(8) (2013), p. 99-106. \u2013 ISSN 2068-8393<\/td>\n<\/tr>\n<tr class=\"other\">\n<td class=\"other\"><strong>ADM<\/strong><\/td>\n<td class=\"other\">Anal\u00fdza pr\u00edjmovej diferenci\u00e1cie mu\u017eov a \u017eien na Slovensku \/ Alena Tarta\u013eov\u00e1, Tatiana Sovi\u010dov\u00e1 \u2013 2013. In: E+M : Ekonomie a Management. Vol. 16, no. 2 (2013), p. 54-65. \u2013 ISSN 1212-3609<\/td>\n<\/tr>\n<tr class=\"other\">\n<td class=\"other\"><strong>ADM<\/strong><\/td>\n<td class=\"other\">Catastrophic risk management in non-life insurance \/ Val\u00e9ria Sk\u0159iv\u00e1nkov\u00e1, Alena Tarta\u013eov\u00e1 \u2013 2008.In: Ekonomie a management. Vol. 11, no. 2 (2008), p. 65-72. \u2013 ISSN 1212-3609<\/td>\n<\/tr>\n<tr class=\"other\">\n<td class=\"other\"><strong>ADM<\/strong><\/td>\n<td class=\"other\">ADM: On bounded nonoscillatory solutions of third-order nonlinear differential equations \/ Ivan Mojsej, Alena Tarta\u013eov\u00e1 \u2013 2009. In: Central European Journal of Mathematics. Vol. 7, no. 4 (2009), p. 717-724. \u2013 ISSN 1644-3616<\/td>\n<\/tr>\n<\/tbody>\n<\/table>\n<\/ul>\n<li><a href=\"https:\/\/epc.lib.tuke.sk\/EvidPublQ.aspx?rok=9999&#038;priezv=Mojsejova&#038;meno=Alena\" target=\"_blank\" rel=\"noopener noreferrer\">Zoznam v\u0161etk\u00fdch publik\u00e1ci\u00ed<\/a><\/li>\n<\/ul>\n\n\n\n\n\n<h4><a name=\"project\">Projekty<\/a><\/h4>\n<i>Medzin\u00e1rodn\u00e9 projekty<\/i>\n<ul>\n<li>Vyu\u017e\u00edvanie strategickej inteligencie pre zlep\u0161enie inova\u010dnej politiky \u2013 STRIPE, N\u00f3rsky finan\u010dn\u00fd mechanizmus (NFM), trvanie: 2009 &#8211; 2011<\/li>\n<li>Strengthening the educational and scientific collaboration among Faculties of Economics within V4 and countries of South Eastern Europe (No. 30810004 &#8211; IVF), trvanie: 2008-2010<\/li>\n<\/ul>\n<i>N\u00e1rodn\u00e9 projekty<\/i>\n<ul>\n<li>VEGA 2\/0002\/19 \u2013 SYST\u00c9MOV\u00c9 IMPLIK\u00c1CIE 4. PRIEMYSELNEJ REVOL\u00daCIE A ADAPTA\u010cN\u00c9 PROCESY INFORMA\u010cNEJ SPOLO\u010cNOSTI (ekonomick\u00e9, technologick\u00e9 a kult\u00farne aspekty)<\/li>\n<li>VEGA 2\/0026\/15 \u2013 Pr\u00edjmov\u00e1 stratifik\u00e1cia a perspekt\u00edvy polariz\u00e1cie slovenskej spolo\u010dnosti do roku <\/li>\n<li>VEGA 1\/0446\/15 &#8211; Rozvoj bankov\u00e9ho sektora a ekonomick\u00fd rast: nov\u00e9 \u010dlensk\u00e9 krajiny E\u00da po 10 rokoch \u010dlenstva <\/li>\n<li>KEGA 035TUKE-4\/2012 &#8211; Vybudovanie multimedi\u00e1lnej u\u010debne na podporu di\u0161tan\u010dn\u00fdch foriem vzdel\u00e1vania v oblasti k\u013e\u00fa\u010dov\u00fdch kompetenci\u00ed s d\u00f4razom na podnikate\u013esk\u00e9 zru\u010dnosti <\/li>\n<li>VEGA 1\/0127\/11 &#8211; Priestorov\u00e1 distrib\u00facia chudoby v Eur\u00f3pskej \u00fanii <\/li>\n<li>VEGA 1\/0370\/08  &#8211; Region\u00e1lny pr\u00edstup k meraniu soci\u00e1lneho kapit\u00e1lu a chudoby <\/li>\n<li>VEGA 1\/0679\/10 &#8211; Strat\u00e9gie budovania d\u00f4very na jednotnom eur\u00f3pskom elektronickom trhu <\/li>\n<li>VEGA 1\/0724\/08 &#8211; Riadenie riz\u00edk ne\u017eivotn\u00e9ho poistenia pod\u013ea direkt\u00edvy  Eur\u00f3pskej Komisie  SOLVENCY II <\/li>\n<li>VEGA 1\/3815\/06 &#8211; Anal\u00fdza a hodnotenie v\u00fdkonnosti bankov\u00fdch in\u0161tit\u00faci\u00ed \u2013 n\u00e1stroj zvy\u0161ovania konkurencieschopnosti v inova\u010dnom podnikate\u013eskom prostred\u00ed<\/li>\n<li>VEGA 1\/2557\/05 &#8211; Teoretick\u00e9 a metodologick\u00e9 aspekty in\u0161titucion\u00e1lnej podpory podnikania, ako faktor o\u017eivenia podnikate\u013esk\u00e9ho prostredia v\u00fdchodoslovensk\u00e9ho regi\u00f3nu<\/li>\n<\/ul>\n<h4><a name=\"contact\">Kontakt<\/a><\/h4>\n<table>\n<tr>\n<td><b>Adresa<\/b><\/td>\n<td><b>Kancel\u00e1ria<\/b><\/td>\n<td><b>Telef\u00f3n<\/b><\/td>\n<td><b>E-mail<\/b><\/td>\n<tr>\n\n<tr>\n<td>Technick\u00e1 univerzita v Ko\u0161iciach<p>N\u011bmcovej 32, 040 01  Ko\u0161ice<\/td>\n<td>\u010c\u00edslo dver\u00ed: 213<\/td>\n<td>055\/602 3274<\/td>\n<td>alena.mojsejova@tuke.sk<\/td>\n<tr>\n<\/table>\n","protected":false},"excerpt":{"rendered":"<p>Pedagogick\u00e1 \u010dinnos\u0165 Publik\u00e1cie Projekty Kontakt Popis o sebe odborn\u00e1 asistentka Pedagogick\u00e1 \u010dinnos\u0165 Cvi\u010denia z predmetov Pravdepodobnos\u0165 a \u0161tatistika \u0160tatistick\u00e9 met\u00f3dy v ekonomick\u00fdch ved\u00e1ch Probability and&hellip;<\/p>\n","protected":false},"author":1,"featured_media":0,"parent":0,"menu_order":0,"comment_status":"closed","ping_status":"closed","template":"","meta":{"footnotes":""},"class_list":["post-299","page","type-page","status-publish","hentry","no-post-thumbnail"],"_links":{"self":[{"href":"https:\/\/kamahi.ekf.tuke.sk\/index.php\/wp-json\/wp\/v2\/pages\/299"}],"collection":[{"href":"https:\/\/kamahi.ekf.tuke.sk\/index.php\/wp-json\/wp\/v2\/pages"}],"about":[{"href":"https:\/\/kamahi.ekf.tuke.sk\/index.php\/wp-json\/wp\/v2\/types\/page"}],"author":[{"embeddable":true,"href":"https:\/\/kamahi.ekf.tuke.sk\/index.php\/wp-json\/wp\/v2\/users\/1"}],"replies":[{"embeddable":true,"href":"https:\/\/kamahi.ekf.tuke.sk\/index.php\/wp-json\/wp\/v2\/comments?post=299"}],"version-history":[{"count":42,"href":"https:\/\/kamahi.ekf.tuke.sk\/index.php\/wp-json\/wp\/v2\/pages\/299\/revisions"}],"predecessor-version":[{"id":3681,"href":"https:\/\/kamahi.ekf.tuke.sk\/index.php\/wp-json\/wp\/v2\/pages\/299\/revisions\/3681"}],"wp:attachment":[{"href":"https:\/\/kamahi.ekf.tuke.sk\/index.php\/wp-json\/wp\/v2\/media?parent=299"}],"curies":[{"name":"wp","href":"https:\/\/api.w.org\/{rel}","templated":true}]}}