{"id":309,"date":"2019-09-12T14:56:19","date_gmt":"2019-09-12T12:56:19","guid":{"rendered":"http:\/\/www4.ekf.tuke.sk\/kamahi\/?page_id=309"},"modified":"2019-12-04T10:05:46","modified_gmt":"2019-12-04T09:05:46","slug":"libusa-reveszova","status":"publish","type":"page","link":"https:\/\/kamahi.ekf.tuke.sk\/index.php\/libusa-reveszova\/","title":{"rendered":"Libu\u0161a R\u00e9v\u00e9szov\u00e1"},"content":{"rendered":"\n<style type=\"text\/css\">\n.entry-content table,\n.entry-content th,\n.entry-content tr,\n.entry-content td{\n\tborder:none;\n}\ntable.other,\ntd.other,\ntr.other{\n\tpadding: 5px 5px 5px;\n}\ntable.other,\ntd.other,\ntr.other{\nborder: 1px solid black;\n}\n<\/style>\n\n<table style=\"float: left; width: 950px\">\n<tr>\n<td align=\"right\"><h4><a href=\"#experience\" target=\"_self\" class=\"btn-secondary\" rel=\"noopener noreferrer\">Pedagogick\u00e1 \u010dinnos\u0165<\/a><\/h4><\/td>\n<td align=\"center\"><h4><a href=\"#work\" target=\"_self\" class=\"btn-secondary\" rel=\"noopener noreferrer\">Publik\u00e1cie<\/a><\/h4><\/td>\n<td align=\"center\"><h4><a href=\"#project\" target=\"_self\" class=\"btn-secondary\" rel=\"noopener noreferrer\">Projekty<\/a><\/h4><\/td>\n<td align=\"left\"><h4><a href=\"#contact\" target=\"_self\" class=\"btn-secondary\" rel=\"noopener noreferrer\">Kontakt<\/a><\/h4><\/td>\n<tr>\n<\/table>\n\n<div style=\"float: left; width: 75%\"><p align=\"justify\">\n<p>Popis o sebe: <br \/>\nprodekanka pre vzdel\u00e1vaciu \u010dinnos\u0165<\/p>\n\n<p>Oblasti odborn\u00e9ho z\u00e1ujmu:<br \/>\nte\u00f3ria vyu\u010dovania informatiky a matematiky, modelovanie, informa\u010dno-komunika\u010dn\u00e9 technol\u00f3gie, informa\u010dn\u00e9 syst\u00e9my, &#8230;\n<\/p><\/div>\n\n<img decoding=\"async\" style=\"width: 250px; float: right\" class=\"wp-image-364\" src=\"https:\/\/kamahi.ekf.tuke.sk\/wp-content\/uploads\/2019\/10\/EkF-zamestnanci-008.jpg\">\n\n<div style=\"float: left; width: 75%\"><p align=\"left\"> \n<h4><a name=\"experience\">Pedagogick\u00e1 \u010dinnos\u0165<\/a><\/h4>\n<p>Predn\u00e1\u0161ky z predmetu:\nMatematika II, Informatika II, Ekonomick\u00e9 informa\u010dn\u00e9 syst\u00e9my<\/p>\n<p>Cvi\u010denia z predmetu: \nMatematika I, Matematika II\n<\/p>\n\n<p><b><\/br>Konzulta\u010dn\u00e9 hodiny<\/b><\/p>\n<ul>\n<li>Na z\u00e1klade dohody<\/li>\n<\/ul>\n<p><b>Vedenie z\u00e1vere\u010dn\u00fdch pr\u00e1c<\/b><\/p>\n<ul>\n<li>BP\/DP<\/li>\n<\/ul>\n<\/div>\n\n<h4><a name=\"work\">Publik\u00e1cie<\/a><\/h4>\n<h5>5 najv\u00fdznamnej\u0161\u00edch publik\u00e1cii<\/h5>\n<ul align=\"justify\">\n<table class=\"other\">\n<tbody>\n<tr class=\"other\">\n<td class=\"other\" width=\"7%\"><strong>Kateg\u00f3ria<\/strong><\/td>\n<td class=\"other\"><strong>Publik\u00e1cia<\/strong><\/td>\n<\/tr>\n<tr class=\"other\">\n<td class=\"other\"><strong>ADM<\/strong><\/td>\n<td class=\"other\"> \t\n\nDesigning modern informatics education for future managers and advanced users according to their knowledge base \/ Libu\u0161a R\u00e9v\u00e9szov\u00e1 &#8211; 2016. In: E + M : Ekonomie a Management. Vol. 19, no. 4 (2016), p. 186-201. &#8211; ISSN 1212-3609 Sp\u00f4sob pr\u00edstupu: http:\/\/www.ekonomie-management.cz<\/td>\n<\/tr>\n<tr class=\"other\">\n<td class=\"other\"><strong>ACB<\/strong><\/td>\n<td class=\"other\"> \t\n\nMatematika 1 \/ Vincent \u0160olt\u00e9s &#8230; [et al.] &#8211; 3. preprac. vyd. &#8211; Ko\u0161ice : TU &#8211; 2017. &#8211; 212 s.. &#8211; ISBN 978-80-8086-264-0.<\/td>\n<\/tr>\n<tr class=\"other\">\n<td class=\"other\"><strong>ACB<\/strong><\/td>\n<td class=\"other\"> \n\nMatematika 2 \/ Vincent \u0160olt\u00e9s &#8230; [et al.] &#8211; 4. upr. vyd. &#8211; Ko\u0161ice : TU &#8211; 2016. &#8211; 136 s.. &#8211; ISBN 978-80-553-2487-6.<\/td>\n<\/tr>\n<tr class=\"other\">\n<td class=\"other\"><strong>AFC<\/strong><\/td>\n<td class=\"other\"> Development of Human Capital via Modern Informatics Education \/ Libu\u0161a R\u00e9v\u00e9szov\u00e1 &#8211; 2019. In: MIPRO 2019 : 42nd International Convention on Information and Communication Technology, Electronics and Microelectronics : proceedings. &#8211; Rijeka (Chorv\u00e1tsko) : Croatian Society for Information and Communication Technology, Electronics and Microelectronics s. 789-794 [CD-ROM]. &#8211; ISBN 978-953-233-098-4 &#8211; ISSN 1847-3946 Sp\u00f4sob pr\u00edstupu: https:\/\/apps.webofknowledge.com\/InboundService.do?customersID=RRC&#038;mode=FullRecord&#038;IsProductCode=Yes&#038;<\/td>\n<\/tr>\n<tr class=\"other\">\n<td class=\"other\"><strong>BAB<\/strong><\/td>\n<td class=\"other\"> \t\n\nZ\u00e1klady modelovania podnikov\u00fdch procesov \/ Libu\u0161a R\u00e9v\u00e9szov\u00e1, Dana Pa\u013eov\u00e1 &#8211; 1. vyd &#8211; Ko\u0161ice : TU, EkF &#8211; 2009. &#8211; 122 s. &#8211; ISBN 978-80-553-0174-7.<\/td>\n<\/tr>\n<\/tbody>\n<\/table>\n<\/ul>\n<li><a href=\"https:\/\/epc.lib.tuke.sk\/EvidPublQ.aspx?rok=9999&#038;priezv=Reveszova&#038;meno=Libusa\" target=\"_blank\" rel=\"noopener noreferrer\">Zoznam v\u0161etk\u00fdch publik\u00e1ci\u00ed<\/a><\/li>\n<\/ul>\n\n\n<h4><a name=\"project\">Projekty<\/a><\/h4>\n<p>\n<ul>\n<li>6RP FLUID \u2013WIN (Finance, Logistic and Production Integration Domain by Web-based Interaction Network) 027 083<\/li>\n\n<li>Integr\u00e1cia modelovania podnikov\u00fdch a obchodn\u00fdch procesov do v\u00fdu\u010dby, \u010d OGS V &#8211; 2008\/28, Nad\u00e1cia V\u00daB 2009<\/li>\n<\/ul><\/p>\n\n<h4><a name=\"contact\">Kontakt<\/a><\/h4>\n<table>\n<tr>\n<td><b>Adresa<\/b><\/td>\n<td><b>Kancel\u00e1ria<\/b><\/td>\n<td><b>Telef\u00f3n<\/b><\/td>\n<td><b>E-mail<\/b><\/td>\n<tr>\n\n<tr>\n<td>Technick\u00e1 univerzita v Ko\u0161iciach<p>N\u011bmcovej 32, 040 01  Ko\u0161ice<\/td>\n<td>\u010c\u00edslo dver\u00ed: 217<\/td>\n<td>055\/602 3261<\/td>\n<td>libusa.reveszova@tuke.sk<\/td>\n<tr>\n<\/table>\n","protected":false},"excerpt":{"rendered":"<p>Pedagogick\u00e1 \u010dinnos\u0165 Publik\u00e1cie Projekty Kontakt Popis o sebe: prodekanka pre vzdel\u00e1vaciu \u010dinnos\u0165 Oblasti odborn\u00e9ho z\u00e1ujmu: te\u00f3ria vyu\u010dovania informatiky a matematiky, modelovanie, informa\u010dno-komunika\u010dn\u00e9 technol\u00f3gie, informa\u010dn\u00e9 syst\u00e9my,&hellip;<\/p>\n","protected":false},"author":1,"featured_media":0,"parent":0,"menu_order":0,"comment_status":"closed","ping_status":"closed","template":"","meta":{"footnotes":""},"class_list":["post-309","page","type-page","status-publish","hentry","no-post-thumbnail"],"_links":{"self":[{"href":"https:\/\/kamahi.ekf.tuke.sk\/index.php\/wp-json\/wp\/v2\/pages\/309"}],"collection":[{"href":"https:\/\/kamahi.ekf.tuke.sk\/index.php\/wp-json\/wp\/v2\/pages"}],"about":[{"href":"https:\/\/kamahi.ekf.tuke.sk\/index.php\/wp-json\/wp\/v2\/types\/page"}],"author":[{"embeddable":true,"href":"https:\/\/kamahi.ekf.tuke.sk\/index.php\/wp-json\/wp\/v2\/users\/1"}],"replies":[{"embeddable":true,"href":"https:\/\/kamahi.ekf.tuke.sk\/index.php\/wp-json\/wp\/v2\/comments?post=309"}],"version-history":[{"count":17,"href":"https:\/\/kamahi.ekf.tuke.sk\/index.php\/wp-json\/wp\/v2\/pages\/309\/revisions"}],"predecessor-version":[{"id":3495,"href":"https:\/\/kamahi.ekf.tuke.sk\/index.php\/wp-json\/wp\/v2\/pages\/309\/revisions\/3495"}],"wp:attachment":[{"href":"https:\/\/kamahi.ekf.tuke.sk\/index.php\/wp-json\/wp\/v2\/media?parent=309"}],"curies":[{"name":"wp","href":"https:\/\/api.w.org\/{rel}","templated":true}]}}