{"id":314,"date":"2019-09-12T14:58:32","date_gmt":"2019-09-12T12:58:32","guid":{"rendered":"http:\/\/www4.ekf.tuke.sk\/kamahi\/?page_id=314"},"modified":"2019-10-31T13:54:49","modified_gmt":"2019-10-31T12:54:49","slug":"adela-szalayova","status":"publish","type":"page","link":"https:\/\/kamahi.ekf.tuke.sk\/index.php\/adela-szalayova\/","title":{"rendered":"Adela Szalayov\u00e1"},"content":{"rendered":"<style type=\"text\/css\">\n.entry-content table,\n.entry-content th,\n.entry-content tr,\n.entry-content td{\n\tborder:none;\n}\n<\/style>\n<table style=\"width: 706px; height: 81px; float: left;\">\n<tbody>\n<tr>\n<td align=\"right\">\n<h4><a class=\"btn-secondary\" href=\"#experience\" target=\"_self\" rel=\"noopener noreferrer\">Oblas\u0165 \u010dinnosti<\/a><\/h4>\n<\/td>\n<td align=\"left\">\n<h4><a class=\"btn-secondary\" href=\"#contact\" target=\"_self\" rel=\"noopener noreferrer\">Kontakt<\/a><\/h4>\n<\/td>\n<\/tr>\n<\/tbody>\n<\/table>\n<div style=\"float: left; width: 75%;\">\n<p align=\"justify\">Som zamestnan\u00e1 ako vedecko-v\u00fdskumn\u00fd pracovn\u00edk na KAMaHI Ekonomickej fakulty Technickej Univerzity v Ko\u0161iciach.<\/p>\n<\/div>\n<p><img decoding=\"async\" class=\"wp-image-364\" style=\"width: 250px; float: right;\" src=\"https:\/\/kamahi.ekf.tuke.sk\/wp-content\/uploads\/2019\/10\/EkF-zamestnanci-010.jpg\"><\/p>\n<div style=\"float: left; width: 75%;\">\n<p align=\"left\">&nbsp;<\/p>\n<h4><a name=\"experience\"><\/a>Oblas\u0165 \u010dinnosti<\/h4>\n<p>Spr\u00e1va informa\u010dn\u00fdch syst\u00e9mov fakulty<\/p>\n<h4><a name=\"contact\"><\/a>Kontakt<\/h4>\n<table>\n<tbody>\n<tr>\n<td><b>Adresa<\/b><\/td>\n<td><b>Kancel\u00e1ria<\/b><\/td>\n<td><b>Telef\u00f3n<\/b><\/td>\n<td><b>E-mail<\/b><\/td>\n<\/tr>\n<tr>\n<td>Technick\u00e1 univerzita v Ko\u0161iciach&nbsp;<\/p>\n<p>N\u011bmcovej 32, 040 01 Ko\u0161ice<\/td>\n<td>\u010c\u00edslo dver\u00ed: 214<\/td>\n<td>055\/602 3316<\/td>\n<td>adela.szalayova@tuke.sk<\/td>\n<\/tr>\n<\/tbody>\n<\/table>\n<\/div>\n","protected":false},"excerpt":{"rendered":"<p>Oblas\u0165 \u010dinnosti Kontakt Som zamestnan\u00e1 ako vedecko-v\u00fdskumn\u00fd pracovn\u00edk na KAMaHI Ekonomickej fakulty Technickej Univerzity v Ko\u0161iciach. &nbsp; Oblas\u0165 \u010dinnosti Spr\u00e1va informa\u010dn\u00fdch syst\u00e9mov fakulty Kontakt Adresa&hellip;<\/p>\n","protected":false},"author":1,"featured_media":0,"parent":0,"menu_order":0,"comment_status":"closed","ping_status":"closed","template":"","meta":{"footnotes":""},"class_list":["post-314","page","type-page","status-publish","hentry","no-post-thumbnail"],"_links":{"self":[{"href":"https:\/\/kamahi.ekf.tuke.sk\/index.php\/wp-json\/wp\/v2\/pages\/314"}],"collection":[{"href":"https:\/\/kamahi.ekf.tuke.sk\/index.php\/wp-json\/wp\/v2\/pages"}],"about":[{"href":"https:\/\/kamahi.ekf.tuke.sk\/index.php\/wp-json\/wp\/v2\/types\/page"}],"author":[{"embeddable":true,"href":"https:\/\/kamahi.ekf.tuke.sk\/index.php\/wp-json\/wp\/v2\/users\/1"}],"replies":[{"embeddable":true,"href":"https:\/\/kamahi.ekf.tuke.sk\/index.php\/wp-json\/wp\/v2\/comments?post=314"}],"version-history":[{"count":38,"href":"https:\/\/kamahi.ekf.tuke.sk\/index.php\/wp-json\/wp\/v2\/pages\/314\/revisions"}],"predecessor-version":[{"id":2836,"href":"https:\/\/kamahi.ekf.tuke.sk\/index.php\/wp-json\/wp\/v2\/pages\/314\/revisions\/2836"}],"wp:attachment":[{"href":"https:\/\/kamahi.ekf.tuke.sk\/index.php\/wp-json\/wp\/v2\/media?parent=314"}],"curies":[{"name":"wp","href":"https:\/\/api.w.org\/{rel}","templated":true}]}}