{"id":3552,"date":"2020-09-14T12:29:36","date_gmt":"2020-09-14T10:29:36","guid":{"rendered":"http:\/\/www4.ekf.tuke.sk\/kamahi\/?page_id=3552"},"modified":"2021-09-16T14:33:02","modified_gmt":"2021-09-16T12:33:02","slug":"viera-sottova","status":"publish","type":"page","link":"https:\/\/kamahi.ekf.tuke.sk\/index.php\/viera-sottova\/","title":{"rendered":"Viera Gavalov\u00e1"},"content":{"rendered":"\n<style type=\"text\/css\">\n.entry-content table,\n.entry-content th,\n.entry-content tr,\n.entry-content td{\n\tborder:none;\n}\n\ntable.other,\ntd.other,\ntr.other{\n\tpadding: 5px 5px 5px;\n}\ntable.other,\ntd.other,\ntr.other{\nborder: 1px solid black;\n}\n<\/style>\n<table style=\"float: left; width: 950px\">\n<tr>\n<td align=\"right\"><h4><a href=\"#experience\" target=\"_self\" class=\"btn-secondary\" rel=\"noopener noreferrer\">Pedagogick\u00e1 \u010dinnos\u0165<\/a><\/h4><\/td>\n<td align=\"center\"><h4><a href=\"#work\" target=\"_self\" class=\"btn-secondary\" rel=\"noopener noreferrer\">Publik\u00e1cie<\/a><\/h4><\/td>\n<td align=\"center\"><h4><a href=\"#project\" target=\"_self\" class=\"btn-secondary\" rel=\"noopener noreferrer\">Projekty<\/a><\/h4><\/td>\n<td align=\"left\"><h4><a href=\"#contact\" target=\"_self\" class=\"btn-secondary\" rel=\"noopener noreferrer\">Kontakt<\/a><\/h4><\/td>\n<tr>\n<\/table>\n\n<div style=\"float: left; width: 75%\"><p align=\"justify\">\nTEXT\n<\/p><\/div>\n\n<img decoding=\"async\" style=\"width: 250px; float: right\" class=\"wp-image-364\" src=\"\" alt=\"\">\n\n<div style=\"float: left; width: 75%\"><p align=\"left\"> \n<h4><a name=\"experience\">Pedagogick\u00e1 \u010dinnos\u0165<\/a><\/h4>\nCvi\u010denia z predmetu: \n\n<p><b><\/br>Konzulta\u010dn\u00e9 hodiny<\/b><\/p>\n\n<p><b>Vedenie z\u00e1vere\u010dn\u00fdch pr\u00e1c<\/b><\/p>\nTEXT\n<\/div>\n\n<h4><a name=\"work\">Publik\u00e1cie<\/a><\/h4>\n<h5>5 najv\u00fdznamnej\u0161\u00edch publik\u00e1cii<\/h5>\n<ul align=\"justify\">\n<table class=\"other\">\n<tbody>\n<tr class=\"other\">\n<td class=\"other\"  width=\"7%\"><strong>Kateg\u00f3ria<\/strong><\/td>\n<td class=\"other\"><strong>Publik\u00e1cia<\/strong><\/td>\n<tr class=\"other\">\n<td class=\"other\"><strong>xxx<\/strong><\/td>\n<td class=\"other\">xxx<\/td>\n<\/tr>\n<\/tr>\n<tr class=\"other\">\n<td class=\"other\"><strong>xxx<\/strong><\/td>\n<td class=\"other\">xxx<\/td>\n<\/tr>\n<tr class=\"other\">\n<td class=\"other\"><strong>xxx<\/strong><\/td>\n<td class=\"other\">xxx<\/td>\n<\/tr>\n<tr class=\"other\">\n<td class=\"other\"><strong>xxx<\/strong><\/td>\n<td class=\"other\">xxx<\/td>\n<\/tr>\n<tr class=\"other\">\n<td class=\"other\"><strong>xxx<\/strong><\/td>\n<td class=\"other\">xxx<\/td>\n<\/tr>\n<\/tbody>\n<\/table>\n<\/ul>\n<li><a href=\"https:\/\/epc.lib.tuke.sk\/EvidPublQ.aspx?rok=9999&#038;priezv=Sottova&#038;meno=Viera\" target=\"_blank\" rel=\"noopener noreferrer\">Zoznam v\u0161etk\u00fdch publik\u00e1ci\u00ed<\/a><\/li>\n<\/ul>\n\n<h4><a name=\"project\">Projekty<\/a><\/h4>\nTEXT\n\n<h4><a name=\"contact\">Kontakt<\/a><\/h4>\n<table>\n<tr>\n<td><b>Adresa<\/b><\/td>\n<td><b>Kancel\u00e1ria<\/b><\/td>\n<td><b>Telef\u00f3n<\/b><\/td>\n<td><b>E-mail<\/b><\/td>\n<\/tr>\n\n<tr>\n<td>Technick\u00e1 univerzita v Ko\u0161iciach<p>N\u011bmcovej 32, 040 01  Ko\u0161ice<\/td>\n<td>\u010c\u00edslo dver\u00ed: xxx<\/td>\n<td>055\/602 3268<\/td>\n<td>viera.sottova@tuke.sk<\/td>\n<tr>\n<\/table>\n\n\n\n<p><\/p>\n","protected":false},"excerpt":{"rendered":"<p>Pedagogick\u00e1 \u010dinnos\u0165 Publik\u00e1cie Projekty Kontakt TEXT Pedagogick\u00e1 \u010dinnos\u0165 Cvi\u010denia z predmetu: Konzulta\u010dn\u00e9 hodiny Vedenie z\u00e1vere\u010dn\u00fdch pr\u00e1c TEXT Publik\u00e1cie 5 najv\u00fdznamnej\u0161\u00edch publik\u00e1cii Kateg\u00f3ria Publik\u00e1cia xxx xxx&hellip;<\/p>\n","protected":false},"author":1,"featured_media":0,"parent":0,"menu_order":0,"comment_status":"closed","ping_status":"closed","template":"","meta":{"footnotes":""},"class_list":["post-3552","page","type-page","status-publish","hentry","no-post-thumbnail"],"_links":{"self":[{"href":"https:\/\/kamahi.ekf.tuke.sk\/index.php\/wp-json\/wp\/v2\/pages\/3552"}],"collection":[{"href":"https:\/\/kamahi.ekf.tuke.sk\/index.php\/wp-json\/wp\/v2\/pages"}],"about":[{"href":"https:\/\/kamahi.ekf.tuke.sk\/index.php\/wp-json\/wp\/v2\/types\/page"}],"author":[{"embeddable":true,"href":"https:\/\/kamahi.ekf.tuke.sk\/index.php\/wp-json\/wp\/v2\/users\/1"}],"replies":[{"embeddable":true,"href":"https:\/\/kamahi.ekf.tuke.sk\/index.php\/wp-json\/wp\/v2\/comments?post=3552"}],"version-history":[{"count":4,"href":"https:\/\/kamahi.ekf.tuke.sk\/index.php\/wp-json\/wp\/v2\/pages\/3552\/revisions"}],"predecessor-version":[{"id":3618,"href":"https:\/\/kamahi.ekf.tuke.sk\/index.php\/wp-json\/wp\/v2\/pages\/3552\/revisions\/3618"}],"wp:attachment":[{"href":"https:\/\/kamahi.ekf.tuke.sk\/index.php\/wp-json\/wp\/v2\/media?parent=3552"}],"curies":[{"name":"wp","href":"https:\/\/api.w.org\/{rel}","templated":true}]}}