{"id":3597,"date":"2021-09-14T09:22:25","date_gmt":"2021-09-14T07:22:25","guid":{"rendered":"http:\/\/www4.ekf.tuke.sk\/kamahi\/?page_id=3597"},"modified":"2021-09-17T21:38:44","modified_gmt":"2021-09-17T19:38:44","slug":"jan-stofa","status":"publish","type":"page","link":"https:\/\/kamahi.ekf.tuke.sk\/index.php\/jan-stofa\/","title":{"rendered":"Ing. J\u00e1n \u0160tofa, PhD."},"content":{"rendered":"\n<style type=\"text\/css\">\n.entry-content table,\n.entry-content th,\n.entry-content tr,\n.entry-content td{\n\tborder:none;\n}\ntable.other,\ntd.other,\ntr.other{\n\tpadding: 5px 5px 5px;\n}\ntable.other,\ntd.other,\ntr.other{\nborder: 1px solid black;\n}\n<\/style>\n\n<table style=\"float: left; width: 950px\">\n<tr>\n<td align=\"right\"><h4><a href=\"#experience\" target=\"_self\" class=\"btn-secondary\" rel=\"noopener noreferrer\">Pedagogick\u00e1 \u010dinnos\u0165<\/a><\/h4><\/td>\n<td align=\"left\"><h4><a href=\"#work\" target=\"_self\" class=\"btn-secondary\" rel=\"noopener noreferrer\">Publik\u00e1cie<\/a><\/h4><\/td>\n<td align=\"left\"><h4><a href=\"#project\" target=\"_self\" class=\"btn-secondary\" rel=\"noopener noreferrer\">Prax<\/a><\/h4><\/td>\n<td align=\"center\"><h4><a href=\"#contact\" target=\"_self\" class=\"btn-secondary\" rel=\"noopener noreferrer\">Kontakt<\/a><\/h4><\/td>\n<tr>\n<\/table>\n\n<div style=\"float: left; width: 90%\"><p align=\"justify\">\n<h4><a name=\"experience\">Popis o sebe<\/a><\/h4>\n\n<\/p>Som odborn\u00fdm asistentom na KAMaHI Ekonomickej fakulty, Technickej univerzity v Ko\u0161iciach. M\u00e1m ukon\u010den\u00e9 vysoko\u0161kolsk\u00e9 vzdelanie 3. stup\u0148a na Katedre kybernetiky a umelej inteligencie, Fakulty elektrotechniky a informatiky v \u0161tudijnom programe Hospod\u00e1rska informatika. Dizerta\u010dn\u00fa pr\u00e1cu som obhajoval v roku 2015 na t\u00e9mu: Procesn\u00e9 modelovanie a jeho vplyv na strat\u00e9giu riadenia podniku z poh\u013eadu bezpe\u010dnosti. Bezpe\u010dnostn\u00fd projekt a digit\u00e1lna posledn\u00e1 v\u00f4\u013ea. Som \u010dlovek z praxe a medzi moje oblasti odborn\u00e9ho z\u00e1ujmu patr\u00ed <b>logistika, strategick\u00fd management, Prices Policy, Business Information Management, d\u00e1tov\u00e1 analytika.<\/b> Rozpr\u00e1vam plynulo po taliansky. \n<\/p>\n\n<img decoding=\"async\" style=\"width: 250px; float: right\" class=\"wp-image-364\" src=\"\">\n\n<div style=\"float: left; width: 80%\"><p align=\"left\"> \n<h4><a name=\"work\">Pedagogick\u00e1 \u010dinnos\u0165<\/a><\/h4>\n<b>Predn\u00e1\u0161ky a semin\u00e1re z predmetu:<\/b>\n<ul>\n<li>Informatika I (zimn\u00fd semester, 1. Bc)<\/li>\n<li>Informatika II (letn\u00fd semester, 1. Bc)<\/li>\n<\/ul>\n\n<div style=\"float: left; width: 100%\"><p align=\"left\"> \n<h4><a name=\"experience\">Publik\u00e1cie<\/a><\/h4>\n<ul>\n<li>\u0160tofa, J. &#8211; Michalik, P. &#8211; Zolotov\u00e1, I.: Enterprise utilizing social web. In 12th International Conference, Lecture Notes in Business Information Processing. Vol. 158 (2013), p. 290-297., Warsawa, Poland, ISSN 1865-1348<\/li>\n<li>\u0160tofa, J\u00e1n &#8211; Zolotov\u00e1, Iveta Factors of risks influencing the safety of the company and its strategy \/ J. \u0160tofa, I. Zolotov\u00e1 &#8211; 2014. In: International journal of economics and statistics. No. 2 (2014), p. 145-150. &#8211; ISSN 2309-0685<\/li>\n<li>Michalik, P. &#8211; \u0160tofa, J. &#8211; Zolotov\u00e1, I.: The Use of Bpmn for Modelling The Mes Level in Information and Control Systems.In. Quality Innovation Prosperity XVII\/1 \u2013 2013, ISSN1335-1745<\/li>\n<li>\u0160tofa, J. &#8211; Zolotov\u00e1, I.: Security of the enterprise in a social web. In: AEBD\u00b413 : Recent Researches in Applied Economics and Management : Business Administration and Financial Management &#8211; Volume 1 : proceedings of the 5th International Conference : Chania, Grete Island, Greece, August 27-29, 2013. &#8211; Greece : WSEAS Press, 2013 P. 488-494. &#8211; ISBN 978-960-474-323-0<\/li>\n<li>Michalik, P. &#8211; \u0160tofa, J. &#8211; Zolotov\u00e1, I.: Testing the Properties of K-means Algorithm for Data Mining Applications, In: LINDI2013 : 5th IEEE International Symposium on Logistics and Industrial Informatics : Proceedings : September 5-7, 2013, Wildau, Germany. &#8211; Piscataway : IEEE, 2013 P. 99-102. &#8211; ISBN978-1-4799-1257-5<\/li>\n<\/ul>\n\n<div style=\"float: left; width: 100%\"><p align=\"left\"> \n<h4><a name=\"project\">Prax<\/a><\/h4>\n\n<li>FTL manager<\/li>\n<li>Transport manager<\/li>\n<li>Projektov\u00fd asistent<\/li>\n<li>Prekladate\u013e a tlmo\u010dn\u00edk &#8211; ITA\/SK<\/li>\n<\/p>\n<\/p>\n<p><b>Konzulta\u010dn\u00e9 hodiny<\/b><\/p>\n<p><p><li>Na z\u00e1klade dohody prostredn\u00edctvom emailovej komunik\u00e1cie<\/li><\/p><\/p>\n\n<p><b>Zahrani\u010dn\u00e9 st\u00e1\u017ee<\/b><\/p>\n<p><p><li>Taliansko: Trento, Macerata, Benevento (SAIA, ERASMUS)<\/li><\/p><\/p>\n\n<p><b>\u0160portov\u00e9 \u00faspechy<\/b><\/p>\nReprezent\u00e1cia Technickej univerzity v Ko\u0161iciach po\u010das sez\u00f3ny\n2014\/2015: futbalov\u00fd t\u00edm Sl\u00e1via TU \u2013 V\u00ed\u0165azi 2014\/2015 1.tr. MFZKE.\nReprezent\u00e1cia Technickej univerzity v Ko\u0161iciach na medzin\u00e1rodnom\nturnaji univerz\u00edt v Z\u00e1grebe (Chorv\u00e1tsko) vo futsale \u2013 3.miesto\n2013\/2014. Reprezent\u00e1cia Fakulty elektrotechniky a informatiky na TU Ko\u0161ice\nv univerzitnej lige v mini futbale \u2013 V\u00ed\u0165azi 2013\/2014 a 2014\/2015.\nReprezent\u00e1cia Fakulty elektrotechniky a informatiky na TU Ko\u0161ice\nv bedmintone \u2013 V\u00ed\u0165az turnajov \u201eZlat\u00fd ko\u0161\u00edk 2015\u201c, \u201eYonex Cup 2014\u201c. \nV\u00ed\u0165az turnaja najlep\u0161\u00edch jednotlivcov z jednotliv\u00fdch fak\u00falt TUKE &#8211;\nBowling TUKE Tour 2015 o Putovn\u00fd poh\u00e1r rektora TUKE v bowlingu.\nTitul Majster TU Ko\u0161ice v bedmintone 2013.\nTitul Majster TU Ko\u0161ice v nohejbale 2013.\nReprezent\u00e1cia Fakulty elektrotechniky a informatiky na TU Ko\u0161ice\nv bowlingu \u2013 3.miesto jednotlivci 2013\/2014.\n\n\n<div style=\"float: left; width: 100%\"><p align=\"left\"> \n<h4><a name=\"contact\">Kontakt<\/a><\/h4>\n\n<\/ul>\n\n<table>\n<tr>\n<td><b>Adresa<\/b><\/td>\n<td><b>Kancel\u00e1ria<\/b><\/td>\n<td><b>Telef\u00f3n<\/b><\/td>\n<td><b>E-mail<\/b><\/td>\n<tr>\n\n<tr>\n<td>TUKE N\u011bmcovej 32, 040 01  Ko\u0161ice<\/td>\n<td>\u010c\u00edslo dver\u00ed: 211<\/td>\n<td>055\/602 3269<\/td>\n<td>jan.stofa@tuke.sk<\/td>\n<tr>\n<\/table>\n","protected":false},"excerpt":{"rendered":"<p>Pedagogick\u00e1 \u010dinnos\u0165 Publik\u00e1cie Prax Kontakt Popis o sebe Som odborn\u00fdm asistentom na KAMaHI Ekonomickej fakulty, Technickej univerzity v Ko\u0161iciach. M\u00e1m ukon\u010den\u00e9 vysoko\u0161kolsk\u00e9 vzdelanie 3. stup\u0148a&hellip;<\/p>\n","protected":false},"author":14,"featured_media":0,"parent":0,"menu_order":0,"comment_status":"closed","ping_status":"closed","template":"","meta":{"footnotes":""},"class_list":["post-3597","page","type-page","status-publish","hentry","no-post-thumbnail"],"_links":{"self":[{"href":"https:\/\/kamahi.ekf.tuke.sk\/index.php\/wp-json\/wp\/v2\/pages\/3597"}],"collection":[{"href":"https:\/\/kamahi.ekf.tuke.sk\/index.php\/wp-json\/wp\/v2\/pages"}],"about":[{"href":"https:\/\/kamahi.ekf.tuke.sk\/index.php\/wp-json\/wp\/v2\/types\/page"}],"author":[{"embeddable":true,"href":"https:\/\/kamahi.ekf.tuke.sk\/index.php\/wp-json\/wp\/v2\/users\/14"}],"replies":[{"embeddable":true,"href":"https:\/\/kamahi.ekf.tuke.sk\/index.php\/wp-json\/wp\/v2\/comments?post=3597"}],"version-history":[{"count":60,"href":"https:\/\/kamahi.ekf.tuke.sk\/index.php\/wp-json\/wp\/v2\/pages\/3597\/revisions"}],"predecessor-version":[{"id":3694,"href":"https:\/\/kamahi.ekf.tuke.sk\/index.php\/wp-json\/wp\/v2\/pages\/3597\/revisions\/3694"}],"wp:attachment":[{"href":"https:\/\/kamahi.ekf.tuke.sk\/index.php\/wp-json\/wp\/v2\/media?parent=3597"}],"curies":[{"name":"wp","href":"https:\/\/api.w.org\/{rel}","templated":true}]}}