{"id":3895,"date":"2024-09-17T11:28:17","date_gmt":"2024-09-17T09:28:17","guid":{"rendered":"http:\/\/kamahi.ekf.tuke.sk\/?page_id=3895"},"modified":"2025-04-10T10:41:21","modified_gmt":"2025-04-10T08:41:21","slug":"adam-marton","status":"publish","type":"page","link":"https:\/\/kamahi.ekf.tuke.sk\/index.php\/adam-marton\/","title":{"rendered":"Adam Marton"},"content":{"rendered":"\n<style type=\"text\/css\">\n.entry-content table,\n.entry-content th,\n.entry-content tr,\n.entry-content td{\n\tborder:none;\n}\ntable.other,\ntd.other,\ntr.other{\n\tpadding: 5px 5px 5px;\n} \ntable.other,\ntd.other,\ntr.other{\nborder: 1px solid black;\n}\n<\/style>\n\n\n<table style=\"float: left; width: 950px;\">\n<tbody>\n<tr>\n<td align=\"right\">\n<h4><a class=\"btn-secondary\" href=\"#experience\" target=\"_self\" rel=\"noopener noreferrer\">Pedagogick\u00e1 \u010dinnos\u0165<\/a><\/h4>\n<\/td>\n<td align=\"center\">\n<h4><a class=\"btn-secondary\" href=\"#work\" target=\"_self\" rel=\"noopener noreferrer\">Publik\u00e1cie<\/a><\/h4>\n<\/td>\n<td align=\"center\">\n<h4><a class=\"btn-secondary\" href=\"#project\" target=\"_self\" rel=\"noopener noreferrer\">Projekty<\/a><\/h4>\n<\/td>\n<td align=\"left\">\n<h4><a class=\"btn-secondary\" href=\"#contact\" target=\"_self\" rel=\"noopener noreferrer\">Kontakt<\/a><\/h4>\n<\/td>\n<\/tr>\n<\/tbody>\n<\/table>\n<div style=\"float: left; width: 75%;\">\n<p align=\"justify\">Odborn\u00fd asistent<\/p>\n<ul>\n<li>oblasti odborn\u00e9ho z\u00e1ujmu:\n<ul>\n<li>te\u00f3ria mno\u017e\u00edn, topol\u00f3gia, anal\u00fdza d\u00e1t<\/li>\n<\/ul>\n<\/li>\n<li>LinkedIn profil: <a href=\"http:\/\/www.linkedin.com\/in\/adam-marton-715044221\">LinkedIn<\/a><br \/>\n<section class=\"ad-banner-container\n    \n    \n    artdeco-card overflow-hidden xl\n     mb2\"><\/section>\n<\/li>\n<li>\u010dlenstvo v odborn\u00fdch spolo\u010dnostiach:\n<ul>\n<li>JSMF<\/li>\n<\/ul>\n<\/li>\n<\/ul>\n<\/div>\n<div style=\"float: left; width: 75%;\">\n<h4><a name=\"experience\"><\/a>Pedagogick\u00e1 \u010dinnos\u0165<\/h4>\n<h6 align=\"left\">Cvi\u010denia z predmetu:<\/h6>\n<ul>\n<li>Matematika I<\/li>\n<li>Matematika II<\/li>\n<\/ul>\n<p><b>Konzulta\u010dn\u00e9 hodiny<\/b><\/p>\n<ul>\n<li>na z\u00e1klade dohody prostredn\u00edctvom el. komunik\u00e1cie<\/li>\n<\/ul>\n<\/div>\n<h4><a name=\"work\"><\/a>Publik\u00e1cie<\/h4>\n<ul>\n<li aria-level=\"1\">Marton A., Repick\u00fd M., Relative cofinality of ideals, submitted, arXiv:2502.08506.<\/li>\n<li style=\"font-weight: 400;\" aria-level=\"1\"><span style=\"font-weight: 400;\">Cardona M.A., Marton A., \u0160upina, J., Cardinal characteristics associated with small subsets of reals, submitted, arXiv:2405.11312.<\/span><\/li>\n<li style=\"font-weight: 400;\" aria-level=\"1\"><span style=\"font-weight: 400;\">Marton A., P-like properties of meager ideals and cardinal invariants, Tatra Mt. Math. Publ., 85 (2023), 73\u201388.<\/span><\/li>\n<li style=\"font-weight: 400;\" aria-level=\"1\"><span style=\"font-weight: 400;\">Marton A., \u0160upina, J., On P-like ideals induced by disjoint families, J. Math. Anal. Appl., 528(2) (2023), 127551.<\/span><\/li>\n<li style=\"font-weight: 400;\" aria-level=\"1\"><span style=\"font-weight: 400;\">Marton, A., P-ide\u00e1l a jeho ide\u00e1lov\u00e9 modifik\u00e1cie, MMK 2022, pr\u00edspevok v zborn\u00edku, (2022).<\/span><\/li>\n<\/ul>\n<h4><a name=\"project\"><\/a>Projekty<\/h4>\n<ul>\n<li><strong>N\u00e1rodn\u00e9 projekty<\/strong>\n<ul>\n<li>APVV-20-0045 Topologick\u00e9 \u0161trukt\u00fary a priestory funkci\u00ed (spolurie\u0161ite\u013e)<\/li>\n<\/ul>\n<\/li>\n<\/ul>\n<h4><a name=\"contact\"><\/a>Kontakt<\/h4>\n<table>\n<tbody>\n<tr>\n<td><b>Adresa<\/b><\/td>\n<td><b>Kancel\u00e1ria<\/b><\/td>\n<td><b>Telef\u00f3n<\/b><\/td>\n<td><b>E-mail<\/b><\/td>\n<\/tr>\n<tr>\n<td>Technick\u00e1 univerzita v Ko\u0161iciach\n<p>N\u011bmcovej 32, 040 01 Ko\u0161ice<\/p>\n<\/td>\n<td>\u010c\u00edslo dver\u00ed: 107<\/td>\n<td>055\/602 3269<\/td>\n<td>adam.marton@tuke.sk<\/td>\n<\/tr>\n<\/tbody>\n<\/table>","protected":false},"excerpt":{"rendered":"<p>Pedagogick\u00e1 \u010dinnos\u0165 Publik\u00e1cie Projekty Kontakt Odborn\u00fd asistent oblasti odborn\u00e9ho z\u00e1ujmu: te\u00f3ria mno\u017e\u00edn, topol\u00f3gia, anal\u00fdza d\u00e1t LinkedIn profil: LinkedIn \u010dlenstvo v odborn\u00fdch spolo\u010dnostiach: JSMF Pedagogick\u00e1 \u010dinnos\u0165&hellip;<\/p>\n","protected":false},"author":8,"featured_media":0,"parent":0,"menu_order":0,"comment_status":"closed","ping_status":"closed","template":"","meta":{"footnotes":""},"class_list":["post-3895","page","type-page","status-publish","hentry","no-post-thumbnail"],"_links":{"self":[{"href":"https:\/\/kamahi.ekf.tuke.sk\/index.php\/wp-json\/wp\/v2\/pages\/3895"}],"collection":[{"href":"https:\/\/kamahi.ekf.tuke.sk\/index.php\/wp-json\/wp\/v2\/pages"}],"about":[{"href":"https:\/\/kamahi.ekf.tuke.sk\/index.php\/wp-json\/wp\/v2\/types\/page"}],"author":[{"embeddable":true,"href":"https:\/\/kamahi.ekf.tuke.sk\/index.php\/wp-json\/wp\/v2\/users\/8"}],"replies":[{"embeddable":true,"href":"https:\/\/kamahi.ekf.tuke.sk\/index.php\/wp-json\/wp\/v2\/comments?post=3895"}],"version-history":[{"count":9,"href":"https:\/\/kamahi.ekf.tuke.sk\/index.php\/wp-json\/wp\/v2\/pages\/3895\/revisions"}],"predecessor-version":[{"id":3957,"href":"https:\/\/kamahi.ekf.tuke.sk\/index.php\/wp-json\/wp\/v2\/pages\/3895\/revisions\/3957"}],"wp:attachment":[{"href":"https:\/\/kamahi.ekf.tuke.sk\/index.php\/wp-json\/wp\/v2\/media?parent=3895"}],"curies":[{"name":"wp","href":"https:\/\/api.w.org\/{rel}","templated":true}]}}