{"id":846,"date":"2019-09-20T13:05:34","date_gmt":"2019-09-20T11:05:34","guid":{"rendered":"http:\/\/www4.ekf.tuke.sk\/kamahi\/?page_id=846"},"modified":"2024-09-17T14:10:11","modified_gmt":"2024-09-17T12:10:11","slug":"predmety","status":"publish","type":"page","link":"https:\/\/kamahi.ekf.tuke.sk\/index.php\/predmety\/","title":{"rendered":"Predmety"},"content":{"rendered":"\n<style type=\"text\/css\">\n\ntd:hover {\n    background-color: white;\n    color: #828699;\n\n}\n\ntable td {\n    text-align: center;\n    color: white;\n    border-width: 5px;\n    border-style: solid;\n    border-color: white;\n    height: 100px;  \n}\n\na{\n\tcolor: #828699;\n\n}\na:hover{\ncolor: black;\n\n}\n\n.square {\n  height: 25px;\n  width: 50px;\n  background-color: #07d79c;\n}\n\n.rectangle {\n  height: 25px;\n  width: 50px;\n  background-color: #ff8737;\n}\n\n.d{\n  height: 5px;\n}\n\n<\/style>\n<h2 align=\"center\">Bakal\u00e1rsky stupe\u0148<\/h2>\n<hr\/>\n<table width=\"1608px\">\n\t<tr>\n\t\t<td colspan=\"2\" class=\"d\"><font color=\"black\" size=\"5px\">Prv\u00fd ro\u010dn\u00edk<\/font><\/td>\n\t\t<td colspan=\"2\" class=\"d\"><font color=\"black\" size=\"5px\">Druh\u00fd ro\u010dn\u00edk<\/font><\/td>\n\t\t<td colspan=\"2\" class=\"d\"><font color=\"black\" size=\"5px\">Tret\u00ed ro\u010dn\u00edk<\/font><\/td>\n\t<\/tr>\n        <tr>\n\t\t<td class=\"d\"><figure class=\"wp-block-image\"><img loading=\"lazy\" decoding=\"async\" width=\"110\" height=\"116\" src=\"https:\/\/kamahi.ekf.tuke.sk\/wp-content\/uploads\/2019\/10\/vlocka.png\" class=\"wp-image-2552\"\/><\/figure><\/td>\n\t\t<td class=\"d\"><figure class=\"wp-block-image\"><img loading=\"lazy\" decoding=\"async\" width=\"108\" height=\"106\" src=\"https:\/\/kamahi.ekf.tuke.sk\/wp-content\/uploads\/2019\/10\/slnko.png\" class=\"wp-image-2551\"\/><\/figure><\/td>\n\t\t<td class=\"d\"><figure class=\"wp-block-image\"><img loading=\"lazy\" decoding=\"async\" width=\"110\" height=\"116\" src=\"https:\/\/kamahi.ekf.tuke.sk\/wp-content\/uploads\/2019\/10\/vlocka.png\" class=\"wp-image-2552\"\/><\/figure><\/td>\n                <td class=\"d\"><figure class=\"wp-block-image\"><img loading=\"lazy\" decoding=\"async\" width=\"108\" height=\"106\" src=\"https:\/\/kamahi.ekf.tuke.sk\/wp-content\/uploads\/2019\/10\/slnko.png\" class=\"wp-image-2551\"\/><\/figure><\/td>\n                <td class=\"d\"><figure class=\"wp-block-image\"><img loading=\"lazy\" decoding=\"async\" width=\"110\" height=\"116\" src=\"https:\/\/kamahi.ekf.tuke.sk\/wp-content\/uploads\/2019\/10\/vlocka.png\" class=\"wp-image-2552\"\/><\/figure><\/td>\n                <td class=\"d\"><figure class=\"wp-block-image\"><img loading=\"lazy\" decoding=\"async\" width=\"108\" height=\"106\" src=\"https:\/\/kamahi.ekf.tuke.sk\/wp-content\/uploads\/2019\/10\/slnko.png\" class=\"wp-image-2551\"\/><\/figure><\/td>\n\t<\/tr>\n\n      \n\t\n\t<tr>\n\t\t<td bgcolor=\"#ff8737\" width=\"268px\" valign=\"top\">Matematika I<\/br><\/br>\n\t\t\t<div style=\"float: left\">\n\t\t\t        <p>\n\t\t\t\t<small>\n\t\t\t\t&nbsp;&nbsp; <a href=\"http:\/\/maisportal.tuke.sk\/portal\/tlacPredmetuOSP.mais?predmetId=39743408&#038;lang=sk\" target=\"_blank\" rel=\"noopener noreferrer\"><u>ILP<\/u><\/a>\n\t\t\t\t<\/small>\n\t\t\t\t<\/p> <\/div>\n<div style=\"float: right\">\n\t\t\t\t<p>\n\t\t\t\t<small>\n\t\t\t\t<a href=\"https:\/\/moodle.ekf.tuke.sk\/course\/view.php?id=4\" target=\"_blank\" rel=\"noopener noreferrer\"><u>Moodle<\/u><\/a>&nbsp;&nbsp;\n\t\t\t\t<\/small>\n\t\t\t\t<\/p>\n\t\t\t\n\t\t\t<\/div>\t\t\t\n\t\t<\/td>\n\t\t<td bgcolor=\"#ff8737\" width=\"268px\">Matematika II<\/br><\/br>\n\t\t\t<div style=\"float: left\">\n\t\t\t        <p>\n\t\t\t\t<small>\n\t\t\t\t&nbsp;&nbsp;<a href=\"http:\/\/maisportal.tuke.sk\/portal\/tlacPredmetuOSP.mais?predmetId=39743433&#038;lang=sk\" target=\"_blank\" rel=\"noopener noreferrer\"><u>ILP<\/u><\/a>\n\t\t\t\t<\/small>\n\t\t\t\t<\/p>\n\t\t\t<\/div>\n<\/div>\n\t\t\t<div style=\"float: right\">\n\t\t\t\t<p>\n\t\t\t\t<small>\n\t\t\t\t<a href=\"https:\/\/moodle.ekf.tuke.sk\/course\/view.php?id=18\" target=\"_blank\" rel=\"noopener noreferrer\"><u>Moodle<\/u><\/a>&nbsp;&nbsp;\n\t\t\t\t<\/small>\n\t\t\t\t<\/p>\n\t\t\t<\/div>\n                <\/td>\n\t\t<td bgcolor=\"#ff8737\" width=\"268px\">Pravdepodobnos\u0165 a \u0161tatistika<\/br>\n\t\t\t<div style=\"float: left\">\n\t\t\t\t<p>\n\t\t\t\t<small>\n\t\t\t\t&nbsp;&nbsp;<a href=\"http:\/\/maisportal.tuke.sk\/portal\/tlacPredmetuOSP.mais?predmetId=39742681&#038;lang=sk\" target=\"_blank\" rel=\"noopener noreferrer\"><u>ILP<\/u><\/a>\n\t\t\t\t<\/small>\n\t\t\t\t<\/p>\n\t\t\t<\/div>\n\t\t\t<div style=\"float: right\">\n\t\t\t\t<p>\n\t\t\t\t<small>\n\t\t\t\t<a href=\"https:\/\/www2.ekf.tuke.sk\/moodle\/enrol\/index.php?id=14\" target=\"_blank\" rel=\"noopener noreferrer\"><u>Moodle<\/u><\/a>&nbsp;&nbsp;\n\t\t\t\t<\/small>\n\t\t\t\t<\/p>\n\t\t\t<\/div>\n                <\/td>\n\t\t<td bgcolor=\"#ff8737\" width=\"268px\">\u0160tatistick\u00e9 met\u00f3dy v ekonomick\u00fdch ved\u00e1ch<\/br>\n\t\t\t<div style=\"float: left\">\n\t\t\t        <p>\n\t\t\t\t<small>\n\t\t\t\t&nbsp;&nbsp;<a href=\"http:\/\/maisportal.tuke.sk\/portal\/tlacPredmetuOSP.mais?predmetId=39742763&#038;lang=sk\" target=\"_blank\" rel=\"noopener noreferrer\"><u>ILP<\/u><\/a>\n\t\t\t\t<\/small>\n\t\t\t\t<\/p>\n\t\t\t<\/div>\n\t\t\t<div style=\"float: right\">\n\t\t\t\t<p>\n\t\t\t\t<small>\n\t\t\t\t<a href=\"https:\/\/www2.ekf.tuke.sk\/moodle\/enrol\/index.php?id=103\" target=\"_blank\" rel=\"noopener noreferrer\"><u>Moodle<\/u><\/a>&nbsp;&nbsp;\n\t\t\t\t<\/small>\n\t\t\t\t<\/p>\n\t\t\t<\/div>\n                <\/td>\n\t\t<td bgcolor=\"#07d79c\" width=\"268px\">Ekonomick\u00e9 informa\u010dn\u00e9 syst\u00e9my<\/br>\n\t\t\t<div style=\"float: left\">\n\t\t\t        <p>\n\t\t\t\t<small>\n\t\t\t\t&nbsp;&nbsp;<a href=\"http:\/\/maisportal.tuke.sk\/portal\/tlacPredmetuOSP.mais?predmetId=39742904&#038;lang=sk\" target=\"_blank\" rel=\"noopener noreferrer\"><u>ILP<\/u><\/a>\n\t\t\t\t<\/small>\n\t\t\t\t<\/p>\n\t\t\t<\/div>\n\t\t\t<div style=\"float: right\">\n\t\t\t\t<p>\n\t\t\t\t<small>\n\t\t\t\t<a href=\"https:\/\/www2.ekf.tuke.sk\/moodle\/enrol\/index.php?id=31\" target=\"_blank\" rel=\"noopener noreferrer\"><u>Moodle<\/u><\/a>&nbsp;&nbsp;\n\t\t\t\t<\/small>\n\t\t\t\t<\/p>\n\t\t\t<\/div>\n                <\/td>\n\t\t<td bgcolor=\"#ff8737\" width=\"268px\">Elektronick\u00e9 slu\u017eby v bankovn\u00edctve<\/br>\n\t\t\t<div style=\"float: left\">\n\t\t\t        <p>\n\t\t\t\t<small>\n\t\t\t\t&nbsp;&nbsp;<a href=\"http:\/\/maisportal.tuke.sk\/portal\/tlacPredmetuOSP.mais?predmetId=39742840&#038;lang=sk\" target=\"_blank\" rel=\"noopener noreferrer\"><u>ILP<\/u><\/a>\n\t\t\t\t<\/small>\n\t\t\t\t<\/p>\n\t\t\t<\/div>\n                <\/td>\n\t<\/tr>\n        <tr>\n\t\t<td bgcolor=\"#ff8737\" width=\"268px\" valign=\"top\">Informatika I<\/br><\/br>\n\t\t\t<div style=\"float: left\">\n\t\t\t        <p>\n\t\t\t\t<small>\n\t\t\t\t&nbsp;&nbsp; <a href=\"http:\/\/maisportal.tuke.sk\/portal\/tlacPredmetuOSP.mais?predmetId=58201208&#038;lang=sk\" target=\"_blank\" rel=\"noopener noreferrer\"><u>ILP<\/u><\/a>\n\t\t\t\t<\/small>\n\t\t\t\t<\/p>\n\t\t\t<\/div>\n\t\t\t<div style=\"float: right\">\n\t\t\t\t<p>\n\t\t\t\t<small>\n\t\t\t\t<a href=\"https:\/\/moodle.ekf.tuke.sk\/course\/view.php?id=11\" target=\"_blank\" rel=\"noopener noreferrer\"><u>Moodle<\/u><\/a>&nbsp;&nbsp;\n\t\t\t\t<\/small>\n\t\t\t\t<\/p>\n\t\t\t<\/div>\n\t\t\t\n\t\t<\/td>\n\t\t<td bgcolor=\"#ff8737\" width=\"268px\" valign=\"top\">Informatika II<\/br><\/br>\n\t\t\t<div style=\"float: left\">\n\t\t\t        <p>\n\t\t\t\t<small>\n\t\t\t\t&nbsp;&nbsp; <a href=\"http:\/\/maisportal.tuke.sk\/portal\/tlacPredmetuOSP.mais?predmetId=58201176&#038;lang=sk\" target=\"_blank\" rel=\"noopener noreferrer\"><u>ILP<\/u><\/a>\n\t\t\t\t<\/small>\n\t\t\t\t<\/p>\n\t\t\t<\/div>\n\t\t\t<div style=\"float: right\">\n\t\t\t\t<p>\n\t\t\t\t<small>\n\t\t\t\t<a href=\"https:\/\/moodle.ekf.tuke.sk\/course\/view.php?id=333\" target=\"_blank\" rel=\"noopener noreferrer\"><u>Moodle<\/u><\/a>&nbsp;&nbsp;\n\t\t\t\t<\/small>\n\t\t\t\t<\/p>\n\t\t\t<\/div>\n                <\/td>\n\n\t\t<td bgcolor=\"#07d79c\" width=\"268px\">D\u00e1tov\u00e1 anal\u00fdza a reporting v podniku<\/br>\n\t\t\t<div style=\"float: left\">\n\t\t\t        <p>\n\t\t\t\t<small>\n\t\t\t\t&nbsp;&nbsp; <a href=\"http:\/\/maisportal.tuke.sk\/portal\/tlacPredmetuOSP.mais?predmetId=58197250&#038;lang=sk\" target=\"_blank\" rel=\"noopener noreferrer\"><u>ILP<\/u><\/a>\n\t\t\t\t<\/small>\n\t\t\t\t<\/p>\n\t\t\t<\/div>\n\t\t\t<div style=\"float: right\">\n\t\t\t\t<p>\n\t\t\t\t<small>\n\t\t\t\t<a href=\"https:\/\/moodle.ekf.tuke.sk\/enrol\/index.php?id=287\" target=\"_blank\" rel=\"noopener noreferrer\"><u>Moodle<\/u><\/a>&nbsp;&nbsp;\n\t\t\t\t<\/small>\n\t\t\t\t<\/p>\n\t\t\t<\/div>\n                <\/td>\n\n                <td bgcolor=\"#07d79c\" width=\"268px\">\u0160tatistick\u00e9 met\u00f3dy v SAS<\/br>\n\t\t\t<div style=\"float: left\">\n\t\t\t        <p>\n\t\t\t\t<small>\n\t\t\t\t&nbsp;&nbsp; <a href=\"http:\/\/maisportal.tuke.sk\/portal\/tlacPredmetuOSP.mais?predmetId=39743520&#038;lang=sk\" target=\"_blank\" rel=\"noopener noreferrer\"><u>ILP<\/u><\/a>\n\t\t\t\t<\/small>\n\t\t\t\t<\/p>\n\t\t\t<\/div>\n\t\t\t<div style=\"float: right\">\n\t\t\t\t<p>\n\t\t\t\t<small>\n\t\t\t\t<a href=\"https:\/\/www2.ekf.tuke.sk\/moodle\/enrol\/index.php?id=109\" target=\"_blank\" rel=\"noopener noreferrer\"><u>Moodle<\/u><\/a>&nbsp;&nbsp;\n\t\t\t\t<\/small>\n\t\t\t\t<\/p>\n\t\t\t<\/div>\n                <\/td>\n                <td bgcolor=\"#07d79c\" width=\"268px\">D\u00e1tov\u00e1 anal\u00fdza a vizualiz\u00e1cia \u00fadajov<\/br>\n\t\t\t<div style=\"float: left\">\n\t\t\t        <p>\n\t\t\t\t<small>\n\t\t\t\t&nbsp;&nbsp; <a href=\"http:\/\/maisportal.tuke.sk\/portal\/tlacPredmetuOSP.mais?predmetId=35000308&#038;lang=sk\" target=\"_blank\" rel=\"noopener noreferrer\"><u>ILP<\/u><\/a>\n\t\t\t\t<\/small>\n\t\t\t\t<\/p>\n\t\t\t<\/div>\n\t\t\t<div style=\"float: right\">\n\t\t\t\t<p>\n\t\t\t\t<small>\n\t\t\t\t<a href=\"\"><u>Moodle<\/u><\/a>&nbsp;&nbsp;\n\t\t\t\t<\/small>\n\t\t\t\t<\/p>\n\t\t\t<\/div>\n                <\/td>\n                <td><\/td>\n\n\n<\/tr>\n<tr>\n<td bgcolor=\"#07d79c\" width=\"268px\">Apl. pre z\u00e1kladn\u00e9 spracovanie \u00fadajov<\/br>\n\t\t\t<div style=\"float: left\">\n\t\t\t        <p>\n\t\t\t\t<small>\n\t\t\t\t&nbsp;&nbsp; <a href=\"http:\/\/maisportal.tuke.sk\/portal\/tlacPredmetuOSP.mais?predmetId=39743559&#038;lang=sk\" target=\"_blank\" rel=\"noopener noreferrer\"><u>ILP<\/u><\/a>\n\t\t\t\t<\/small>\n\t\t\t\t<\/p>\n\t\t\t<\/div>\n\t\t\t<div style=\"float: right\">\n\t\t\t\t<p>\n\t\t\t\t<small>\n\t\t\t\t<a href=\"https:\/\/www2.ekf.tuke.sk\/moodle\/enrol\/index.php?id=30\" target=\"_blank\" rel=\"noopener noreferrer\"><u>Moodle<\/u><\/a>&nbsp;&nbsp;\n\t\t\t\t<\/small>\n\t\t\t\t<\/p>\n\t\t\t<\/div>\n                <\/td>\n\n<td bgcolor=\"#07d79c\" width=\"268px\">Aplikovan\u00e1 t\u00f3ria grafov v ekon\u00f3mii<\/br>\n\t\t\t<div style=\"float: left\">\n\t\t\t        <p>\n\t\t\t\t<small>\n\t\t\t\t&nbsp;&nbsp;<a href=\"http:\/\/maisportal.tuke.sk\/portal\/tlacPredmetuOSP.mais?predmetId=39743541&#038;lang=sk\" target=\"_blank\" rel=\"noopener noreferrer\"><u>ILP<\/u><\/a>\n\t\t\t\t<\/small>\n\t\t\t\t<\/p>\n\t\t\t<\/div>\n\t\t\t<div style=\"float: right\">\n\t\t\t\t<p>\n\t\t\t\t<small>\n\t\t\t\t<a href=\"https:\/\/www2.ekf.tuke.sk\/moodle\/enrol\/index.php?id=100\" target=\"_blank\" rel=\"noopener noreferrer\"><u>Moodle<\/u><\/a>&nbsp;&nbsp;\n\t\t\t\t<\/small>\n\t\t\t\t<\/p>\n\t\t\t<\/div>\n                <\/td>\n<td bgcolor=\"#ffffff\" width=\"268px\"><\/br>\n\t\t<\/td>\n<td bgcolor=\"#07d79c\" width=\"268px\">IS pre podporu rozhodovania<\/br>\n\t\t\t<div style=\"float: left\">\n\t\t\t        <p>\n\t\t\t\t<small>\n\t\t\t\t&nbsp;&nbsp; <a href=\"http:\/\/maisportal.tuke.sk\/portal\/tlacPredmetuOSP.mais?predmetId=39743709&#038;lang=sk\" target=\"_blank\" rel=\"noopener noreferrer\"><u>ILP<\/u><\/a>\n\t\t\t\t<\/small>\n\t\t\t\t<\/p>\n\t\t\t<\/div>\n                <\/td>\n                <td><\/td>\n                <td><\/td>\n<\/tr>\t\n<\/table>\n\n\n<p>Vysvetlivky<\/p>\n<div class=\"rectangle\" style=\"float: left\"><\/div>\n<div style=\"float: left\">&nbsp;&nbsp;Povinn\u00e9 predmety<\/div>\n\n<\/br>\n<div class=\"square\" style=\"float: left\"><\/div>\n<div style=\"float: left\">&nbsp;&nbsp;Povinne volite\u013en\u00e9 predmety<\/div>\n","protected":false},"excerpt":{"rendered":"<p>Bakal\u00e1rsky stupe\u0148 Prv\u00fd ro\u010dn\u00edk Druh\u00fd ro\u010dn\u00edk Tret\u00ed ro\u010dn\u00edk Matematika I &nbsp;&nbsp; ILP Moodle&nbsp;&nbsp; Matematika II &nbsp;&nbsp;ILP Moodle&nbsp;&nbsp; Pravdepodobnos\u0165 a \u0161tatistika &nbsp;&nbsp;ILP Moodle&nbsp;&nbsp; \u0160tatistick\u00e9 met\u00f3dy v&hellip;<\/p>\n","protected":false},"author":1,"featured_media":0,"parent":0,"menu_order":0,"comment_status":"closed","ping_status":"closed","template":"","meta":{"footnotes":""},"class_list":["post-846","page","type-page","status-publish","hentry","no-post-thumbnail"],"_links":{"self":[{"href":"https:\/\/kamahi.ekf.tuke.sk\/index.php\/wp-json\/wp\/v2\/pages\/846"}],"collection":[{"href":"https:\/\/kamahi.ekf.tuke.sk\/index.php\/wp-json\/wp\/v2\/pages"}],"about":[{"href":"https:\/\/kamahi.ekf.tuke.sk\/index.php\/wp-json\/wp\/v2\/types\/page"}],"author":[{"embeddable":true,"href":"https:\/\/kamahi.ekf.tuke.sk\/index.php\/wp-json\/wp\/v2\/users\/1"}],"replies":[{"embeddable":true,"href":"https:\/\/kamahi.ekf.tuke.sk\/index.php\/wp-json\/wp\/v2\/comments?post=846"}],"version-history":[{"count":433,"href":"https:\/\/kamahi.ekf.tuke.sk\/index.php\/wp-json\/wp\/v2\/pages\/846\/revisions"}],"predecessor-version":[{"id":3928,"href":"https:\/\/kamahi.ekf.tuke.sk\/index.php\/wp-json\/wp\/v2\/pages\/846\/revisions\/3928"}],"wp:attachment":[{"href":"https:\/\/kamahi.ekf.tuke.sk\/index.php\/wp-json\/wp\/v2\/media?parent=846"}],"curies":[{"name":"wp","href":"https:\/\/api.w.org\/{rel}","templated":true}]}}