{"id":88,"date":"2019-09-12T11:35:13","date_gmt":"2019-09-12T09:35:13","guid":{"rendered":"http:\/\/www4.ekf.tuke.sk\/kamahi\/?page_id=88"},"modified":"2026-02-18T08:07:20","modified_gmt":"2026-02-18T07:07:20","slug":"informacie-a-harmonogram-studia","status":"publish","type":"page","link":"https:\/\/kamahi.ekf.tuke.sk\/index.php\/informacie-a-harmonogram-studia\/","title":{"rendered":"Inform\u00e1cie a harmonogram \u0161t\u00fadia"},"content":{"rendered":"\n<p><a href=\"https:\/\/api.prod.tuke.sk\/smb\/medias\/2025\/08\/Harmonogram_EkF_2025_2026_29042025.pdf?workSpaceId=10\" target=\"blank\" rel=\"noopener noreferrer\">Harmonogram a organiz\u00e1cia ak. roka 2025\/2026<\/a><\/p>\n<p>\n<div style=\"float: left; width: 30%\"><p align=\"left\">V\u00fdu\u010dba v ZS:<\/p><\/div>\n<div style=\"float: center; width: 70%\"><p align=\"right\">22.09.2025 &#8211; 19.12.2025<\/p><\/div>\n<div style=\"float: left; width: 30%\"><p align=\"left\">Zimn\u00e9 pr\u00e1zdniny:<\/p><\/div>\n<div style=\"float: center; width: 70%\"><p align=\"right\">22.12.2025 &#8211; 02.01.2026<\/p><\/div>\n<div style=\"float: left; width: 30%\"><p align=\"left\">Sk\u00fa\u0161obn\u00e9 obdobie ZS:<\/p><\/div>\n<div style=\"float: center; width: 70%\"><p align=\"right\">05.01.2026 &#8211; 13.02.2026<\/p><\/div>\n<div style=\"float: left; width: 30%\"><p class=\"has-text-color has-orange-color\" align=\"left\">Uz\u00e1vierka ZS v MAISe:<\/p><\/div>\n<div style=\"float: center; width: 70%\"><p class=\"has-text-color has-orange-color\" align=\"right\">18.2.2026 (ukon\u010den\u00e9 hodnotenie za ZS)<\/p><\/div>\n\n<p>\n<div style=\"float: left; width: 30%\"><p align=\"left\">V\u00fdu\u010dba v LS:<\/p><\/div>\n<div style=\"float: center; width: 70%\"><p align=\"right\">16.02.2026 &#8211; 15.05.2026<\/p><\/div>\n<div style=\"float: left; width: 30%\"><p align=\"left\">Sk\u00fa\u0161obn\u00e9 obdobie LS:<\/p><\/div>\n<div style=\"float: center; width: 70%\"><p align=\"right\">18.05.2026 &#8211; 30.06.2026<\/p><\/div>\n<div style=\"float: left; width: 30%\"><p align=\"left\">Letn\u00e9 pr\u00e1zdniny:<\/p><\/div>\n<div style=\"float: center; width: 70%\"><p align=\"right\">01.07.2026 &#8211; 31.08.2026<\/p><\/div>\n<div style=\"float: left; width: 30%\"><p class=\"has-text-color has-orange-color\" align=\"left\">Uz\u00e1vierka LS v MAISe:<\/p><\/div>\n<div style=\"float: center; width: 70%\"><p class=\"has-text-color has-orange-color\" align=\"right\">03.07.2026 (ukon\u010den\u00e9 hodnotenie za ak.rok)<\/p><\/div>\n<hr>\n<p><p>\n<b>Rozvrh na 2025\/2026<\/b>\n<ul>\n<li><a href=\"https:\/\/mais.tuke.sk\/\" target=\"blank\" rel=\"noopener noreferrer\">Denn\u00e9 \u0161t\u00fadium<\/a><\/li>\n<\/ul>\n<hr>\n<p><p>\n<b>\u0160t\u00e1tne sviatky<\/b>\n<ul>\n<li>17.11.2025 &#8211; pondelok ?<\/li>\n<li>03.04.2026 &#8211; piatok<\/li>\n<li>06.04.2026 &#8211; pondelok<\/li>\n<li>01.05.2026 \u2013 piatok (d\u0148a 30.04.2026 (\u0161tvrtok)  v\u00fdu\u010dba ako v piatok)<\/li>\n<li>08.05.2026 \u2013 piatok (d\u0148a 06.05.2026 (streda) Zru\u0161en\u00e9- v\u00fdu\u010dba ako v piatok)<\/li>\n<\/ul>\n\n\n\n<p><\/p>\n","protected":false},"excerpt":{"rendered":"<p>Harmonogram a organiz\u00e1cia ak. roka 2025\/2026 V\u00fdu\u010dba v ZS: 22.09.2025 &#8211; 19.12.2025 Zimn\u00e9 pr\u00e1zdniny: 22.12.2025 &#8211; 02.01.2026 Sk\u00fa\u0161obn\u00e9 obdobie ZS: 05.01.2026 &#8211; 13.02.2026 Uz\u00e1vierka ZS&hellip;<\/p>\n","protected":false},"author":1,"featured_media":0,"parent":0,"menu_order":0,"comment_status":"closed","ping_status":"closed","template":"","meta":{"footnotes":""},"class_list":["post-88","page","type-page","status-publish","hentry","no-post-thumbnail"],"_links":{"self":[{"href":"https:\/\/kamahi.ekf.tuke.sk\/index.php\/wp-json\/wp\/v2\/pages\/88"}],"collection":[{"href":"https:\/\/kamahi.ekf.tuke.sk\/index.php\/wp-json\/wp\/v2\/pages"}],"about":[{"href":"https:\/\/kamahi.ekf.tuke.sk\/index.php\/wp-json\/wp\/v2\/types\/page"}],"author":[{"embeddable":true,"href":"https:\/\/kamahi.ekf.tuke.sk\/index.php\/wp-json\/wp\/v2\/users\/1"}],"replies":[{"embeddable":true,"href":"https:\/\/kamahi.ekf.tuke.sk\/index.php\/wp-json\/wp\/v2\/comments?post=88"}],"version-history":[{"count":122,"href":"https:\/\/kamahi.ekf.tuke.sk\/index.php\/wp-json\/wp\/v2\/pages\/88\/revisions"}],"predecessor-version":[{"id":3979,"href":"https:\/\/kamahi.ekf.tuke.sk\/index.php\/wp-json\/wp\/v2\/pages\/88\/revisions\/3979"}],"wp:attachment":[{"href":"https:\/\/kamahi.ekf.tuke.sk\/index.php\/wp-json\/wp\/v2\/media?parent=88"}],"curies":[{"name":"wp","href":"https:\/\/api.w.org\/{rel}","templated":true}]}}