{"id":90,"date":"2019-09-12T11:35:13","date_gmt":"2019-09-12T09:35:13","guid":{"rendered":"http:\/\/www4.ekf.tuke.sk\/kamahi\/?page_id=90"},"modified":"2025-09-11T11:09:22","modified_gmt":"2025-09-11T09:09:22","slug":"dolezite-linky","status":"publish","type":"page","link":"https:\/\/kamahi.ekf.tuke.sk\/index.php\/dolezite-linky\/","title":{"rendered":"D\u00f4le\u017eit\u00e9 linky"},"content":{"rendered":"\n<h3>Informa\u010dn\u00e9 syst\u00e9my<\/h3>\n<table>\n<tr>\n<td><\/td>\n<td align=\"left\"><b>Zamestnanci<\/b><\/td>\n<td align=\"left\"><b>\u0160tudenti<\/b><\/td>\n<\/tr>\n\n<tr>\n<td><b>MAIS<\/b><\/td>\n<td><a href=\"https:\/\/mais.tuke.sk\/pedagog\" target=\"blank\" rel=\"noopener noreferrer\">Prihl\u00e1senie ako pedag\u00f3g<\/a><\/td>\n<td><a href=\"https:\/\/student.tuke.sk\" target=\"blank\" rel=\"noopener noreferrer\">Prihl\u00e1senie<\/a><\/td>\n<\/tr>\n\n<tr>\n<td><b>Po\u0161ta<\/b><a href=\"https:\/\/nastavenia.tuke.sk\/sk\/e-mailove-sluzby\" target=\"blank\" rel=\"noopener noreferrer\"><p><small>N\u00e1vod na prihl\u00e1senie<\/small><\/a><\/td>\n<td><a href=\"https:\/\/mail.tuke.sk\" target=\"blank\" rel=\"noopener noreferrer\">Prihl\u00e1senie<\/a><\/td>\n<td><a href=\"https:\/\/mail.tuke.sk\" target=\"blank\" rel=\"noopener noreferrer\">Prihl\u00e1senie<\/a><\/td>\n<\/tr>\n\n<tr>\n<td rowspan=\"3\"><b>LMS Moodle<\/b><\/td>\n<td><a href=\"https:\/\/moodle.ekf.tuke.sk\" target=\"blank\" rel=\"noopener noreferrer\">Denn\u00e9 \u0161t\u00fadium &#8211; prihl\u00e1senie<\/a><\/td>\n<td><a href=\"https:\/moodle.ekf.tuke.sk\" target=\"blank\" rel=\"noopener noreferrer\">Denn\u00e9 \u0161t\u00fadium &#8211; prihl\u00e1senie<\/a><\/td>\n<\/tr>\n\n<tr>\n<td><a href=\"https:\/\/km.ekf.tuke.sk\/\" target=\"blank\" rel=\"noopener noreferrer\">Extern\u00e9 \u0161t\u00fadium &#8211; prihl\u00e1senie<\/a><\/td>\n<td><a href=\"https:\/\/km.ekf.tuke.sk\/\" target=\"blank\" rel=\"noopener noreferrer\">Extern\u00e9 \u0161t\u00fadium &#8211; prihl\u00e1senie<\/a><\/td>\n<\/tr>\n\n<tr>\n<td><a href=\"http:\/\/www3.ekf.tuke.sk\/moodle\/\" target=\"blank\" rel=\"noopener noreferrer\">Projekty prihl\u00e1senie<\/a><\/td>\n<td><\/td>\n<\/tr>\n\n\n<tr>\n<td rowspan=\"2\"><b>Z\u00e1vere\u010dn\u00e9 pr\u00e1ce<\/b><\/td>\n<td><a href=\"https:\/\/ekf-test.tuke.sk\/wps\/portal\/ekf\/studium\/zaverecne-prace-a-statne-skusky\" target=\"blank\" rel=\"noopener noreferrer\">Inform\u00e1cie k z\u00e1vere\u010dn\u00fdm pr\u00e1cam<\/a><\/td>\n<td><a href=\"https:\/\/ekf-test.tuke.sk\/wps\/portal\/ekf\/studium\/zaverecne-prace-a-statne-skusky\" target=\"blank\" rel=\"noopener noreferrer\">Inform\u00e1cie k z\u00e1vere\u010dn\u00fdm pr\u00e1cam<\/a><\/td>\n<\/tr>\n\n<tr>\n<td><a href=\"http:\/\/147.232.202.51\/pzp\/\" target=\"blank\" rel=\"noopener noreferrer\">Port\u00e1l z\u00e1vere\u010dn\u00fdch pr\u00e1c<\/a><\/td>\n<td><a href=\"http:\/\/147.232.202.51\/pzp\/\" target=\"blank\" rel=\"noopener noreferrer\">Port\u00e1l z\u00e1vere\u010dn\u00fdch pr\u00e1c<\/a><\/td>\n<\/tr>\n\n<tr>\n<td><b>Helpdesk<\/b><\/td>\n<td><a href=\"http:\/\/helpdesk.ekf.tuke.sk\/\" target=\"blank\" rel=\"noopener noreferrer\">Prihl\u00e1senie<\/a><\/td>\n<td><\/td>\n<\/tr>\n<\/table>\n\n<p><h3>U\u017eito\u010dn\u00e9 linky<\/h3><\/p>\n<ul>\n<li><a href=\"http:\/\/www.tuke.sk\/wps\/portal\" target=\"blank\" rel=\"noopener noreferrer\">Technick\u00e1 univerzita v Ko\u0161iciach<\/a><\/li>\n<ul>\n<li><a href=\"http:\/\/www.tuke.sk\/wps\/portal\/tuke\/studies\/st_news\" target=\"blank\" rel=\"noopener noreferrer\">Novinky pre \u0161tudentov<\/a><\/li>\n<li><a href=\"http:\/\/www.lib.tuke.sk\/\" target=\"blank\" rel=\"noopener noreferrer\">Univerzitn\u00e1 kni\u017enica<\/a><\/li>\n<li><a href=\"https:\/\/zoznam.tuke.sk\/\" target=\"blank\" rel=\"noopener noreferrer\">Telef\u00f3nny zoznam TUKE<\/a><\/li>\n<li><a href=\"https:\/\/nastavenia.tuke.sk\" target=\"blank\" rel=\"noopener noreferrer\">\u00dastav v\u00fdpo\u010dtovej techniky TUKE<\/a><\/li>\n<\/ul>\n<li><a href=\"http:\/\/www.ekf.tuke.sk\/\" target=\"blank\" rel=\"noopener noreferrer\">Ekonomick\u00e1 fakulta<\/a><\/li>\n<ul>\n<li><a href=\"https:\/\/www.facebook.com\/ekftuke\/\" target=\"blank\" rel=\"noopener noreferrer\">Facebook Ekonomickej fakulty TUKE<\/a><\/li>\n<\/ul>\n<li><a href=\"http:\/\/web.tuke.sk\/sipc\/\" target=\"blank\" rel=\"noopener noreferrer\">\u0160tudentsk\u00e9 informa\u010dn\u00e9 a poradensk\u00e9 centrum<\/a><\/li>\n<li><a href=\"http:\/\/www.sdaj.tuke.sk\/\" target=\"blank\" rel=\"noopener noreferrer\">\u0160tudentsk\u00e9 domovy a jed\u00e1lne<\/a><\/li>\n<\/ul>\n","protected":false},"excerpt":{"rendered":"<p>Informa\u010dn\u00e9 syst\u00e9my Zamestnanci \u0160tudenti MAIS Prihl\u00e1senie ako pedag\u00f3g Prihl\u00e1senie Po\u0161ta N\u00e1vod na prihl\u00e1senie Prihl\u00e1senie Prihl\u00e1senie LMS Moodle Denn\u00e9 \u0161t\u00fadium &#8211; prihl\u00e1senie Denn\u00e9 \u0161t\u00fadium &#8211; prihl\u00e1senie&hellip;<\/p>\n","protected":false},"author":1,"featured_media":0,"parent":0,"menu_order":0,"comment_status":"closed","ping_status":"closed","template":"","meta":{"footnotes":""},"class_list":["post-90","page","type-page","status-publish","hentry","no-post-thumbnail"],"_links":{"self":[{"href":"https:\/\/kamahi.ekf.tuke.sk\/index.php\/wp-json\/wp\/v2\/pages\/90"}],"collection":[{"href":"https:\/\/kamahi.ekf.tuke.sk\/index.php\/wp-json\/wp\/v2\/pages"}],"about":[{"href":"https:\/\/kamahi.ekf.tuke.sk\/index.php\/wp-json\/wp\/v2\/types\/page"}],"author":[{"embeddable":true,"href":"https:\/\/kamahi.ekf.tuke.sk\/index.php\/wp-json\/wp\/v2\/users\/1"}],"replies":[{"embeddable":true,"href":"https:\/\/kamahi.ekf.tuke.sk\/index.php\/wp-json\/wp\/v2\/comments?post=90"}],"version-history":[{"count":55,"href":"https:\/\/kamahi.ekf.tuke.sk\/index.php\/wp-json\/wp\/v2\/pages\/90\/revisions"}],"predecessor-version":[{"id":3972,"href":"https:\/\/kamahi.ekf.tuke.sk\/index.php\/wp-json\/wp\/v2\/pages\/90\/revisions\/3972"}],"wp:attachment":[{"href":"https:\/\/kamahi.ekf.tuke.sk\/index.php\/wp-json\/wp\/v2\/media?parent=90"}],"curies":[{"name":"wp","href":"https:\/\/api.w.org\/{rel}","templated":true}]}}