{"id":91,"date":"2019-09-12T11:35:13","date_gmt":"2019-09-12T09:35:13","guid":{"rendered":"http:\/\/www4.ekf.tuke.sk\/kamahi\/?page_id=91"},"modified":"2025-09-11T10:42:28","modified_gmt":"2025-09-11T08:42:28","slug":"clenovia","status":"publish","type":"page","link":"https:\/\/kamahi.ekf.tuke.sk\/index.php\/clenovia\/","title":{"rendered":"\u010clenovia"},"content":{"rendered":"\n<style type=\"text\/css\">\n.t {   \n   background-color: #ff9041 ;\n   color: white;\n   font-weight: bold;  \n}\n\n<\/style>\n\n<table>\n\t<tr>\n\t\t<td class=\"t\">Meno<\/td>\n                <td class=\"t\">Poz\u00edcia<\/td>\n\t\t<td class=\"t\">Budova<\/td>\n\t\t<td class=\"t\">Miestnos\u0165<\/td>\n\t\t<td class=\"t\">E-mail<\/td>\n\t\t<td class=\"t\">Telef\u00f3n<\/td>\n\t\t\n\t<\/tr>\n       <tr>\n\t\t<td><a href=\"https:\/\/kamahi.ekf.tuke.sk\/index.php\/jozef-bucko\/\">doc. RNDr. Jozef Bucko, PhD.<\/a><\/td>\n                <td>ved\u00faci katedry<\/td>\n\t\t<td>N\u011bmcovej 32<\/td>\n\t\t<td>112<\/td>\n\t\t<td>jozef.bucko@tuke.sk<\/td>\n\t\t<td>055\/602 3266<\/td>\n\t<\/tr>\n\n\n        <tr>\n\t\t<td><a href=\"https:\/\/kamahi.ekf.tuke.sk\/index.php\/julius-czap\/\">RNDr. J\u00falius Czap, PhD.<\/a><\/td>\n                <td>odborn\u00fd asistent<\/td>\n\t\t<td>N\u011bmcovej 32<\/td>\n\t\t<td>212<\/td>\n\t\t<td>julius.czap@tuke.sk<\/td>\n\t\t<td>055\/602 3273<\/td>\n\t<\/tr>\n\n<tr>\n              <td><a href=\"https:\/\/kamahi.ekf.tuke.sk\/index.php\/viera-sottova\">RNDr. Viera Gavalov\u00e1, PhD.<\/a><\/td>\n                <td>odborn\u00e1 asistentka<\/td>\n\t\t<td><\/td>\n\t\t<td><\/td>\n\t\t<td>viera.gavalova@tuke.sk<\/td>\n\t\t<td><\/td>\n        <\/tr>\n\n        <tr>\n              <td><a href=\"https:\/\/kamahi.ekf.tuke.sk\/index.php\/erika-liptakova\/\">RNDr. Erika Lipt\u00e1kov\u00e1, PhD.<\/a><\/td>\n                <td>odborn\u00e1 asistentka<\/td>\n\t\t<td>N\u011bmcovej 32<\/td>\n\t\t<td>213<\/td>\n\t\t<td>erika.liptakova@tuke.sk<\/td>\n\t\t<td>055\/602 3274<\/td>\n        <\/tr>\n<tr>\n\t\t<td><a href=\"https:\/\/kamahi.ekf.tuke.sk\/index.php\/adam-marton\/\">RNDr. Adam Marton, PhD.<\/a><\/td>\n                <td>odborn\u00fd asistent<\/td>\n\t\t<td>N\u011bmcovej 32<\/td>\n\t\t<td>107<\/td>\n\t\t<td>adam.marton@tuke.sk<\/td>\n\t\t<td>055\/602 3269<\/td>\n\t<\/tr>\n         <tr>\n              <td><a href=\"https:\/\/kamahi.ekf.tuke.sk\/index.php\/alena-mojsejova\/\">Mgr. Alena Mojsejov\u00e1, PhD.<\/a><\/td>\n                <td>odborn\u00e1 asistentka<\/td>\n\t\t<td>N\u011bmcovej 32<\/td>\n\t\t<td>213<\/td>\n\t\t<td>alena.mojsejova@tuke.sk<\/td>\n\t\t<td>055\/602 3274<\/td>\n        <\/tr>\n        <tr>\n              <td><a href=\"https:\/\/kamahi.ekf.tuke.sk\/index.php\/miroslava-nyulasziova\/\">Ing. Miroslava Nyul\u00e1sziov\u00e1, PhD.<\/a><\/td>\n                <td>odborn\u00e1 asistentka<\/td>\n\t\t<td> <\/td>\n\t\t<td> <\/td>\n\t\t<td>miroslava.nyulasziova@tuke.sk<\/td>\n\t\t<td> <\/td>\n        <\/tr>\n        <tr>\n              <td><a href=\"https:\/\/kamahi.ekf.tuke.sk\/index.php\/dana-palova\/\">Ing. Dana Pa\u013eov\u00e1, PhD.<\/a><\/td>\n                <td>odborn\u00e1 asistentka<\/td>\n\t\t<td>N\u011bmcovej 32<\/td>\n\t\t<td>113<\/td>\n\t\t<td>dana.palova@tuke.sk<\/td>\n\t\t<td>055\/602 3268<\/td>\n        <\/tr>\n        <tr>\n              <td><a href=\"https:\/\/kamahi.ekf.tuke.sk\/index.php\/libusa-reveszova\/\">RNDr. Libu\u0161a R\u00e9v\u00e9szov\u00e1, PhD.<\/a><\/td>\n                <td>odborn\u00e1 asistentka<\/td>\n\t\t<td>N\u011bmcovej 32<\/td>\n\t\t<td>111<\/td>\n\t\t<td>libusa.reveszova@tuke.sk<\/td>\n\t\t<td>055\/602 3261<\/td>\n        <\/tr>\n\n  <tr>\n              <td><a href=\"https:\/\/kamahi.ekf.tuke.sk\/index.php\/jan-stofa\/\">Ing. J\u00e1n \u0160tofa, PhD.<\/a><\/td>\n                <td>odborn\u00fd asistent<\/td>\n\t\t<td>N\u011bmcovej 32<\/td>\n\t\t<td>107<\/td>\n\t\t<td>jan.stofa@tuke.sk<\/td>\n\t\t<td>055\/602 3269<\/td>\n        <\/tr>\n\n        <tr>\n              <td><a href=\"https:\/\/kamahi.ekf.tuke.sk\/index.php\/peter-sugerek\/\">RNDr. Peter \u0160ugerek, PhD.<\/a><\/td>\n                <td>odborn\u00fd asistent<\/td>\n\t\t<td>N\u011bmcovej 32<\/td>\n\t\t<td>212<\/td>\n\t\t<td>peter.sugerek@tuke.sk<\/td>\n\t\t<td>055\/602 3273<\/td>\n        <\/tr>\n        <tr>\n              <td><a href=\"https:\/\/kamahi.ekf.tuke.sk\/index.php\/martin-vejacka\/\">Ing. Martin Veja\u010dka, PhD.<\/a><\/td>\n                <td>odborn\u00fd asistent<\/td>\n\t\t<td>N\u011bmcovej 32<\/td>\n\t\t<td>113<\/td>\n\t\t<td>martin.vejacka@tuke.sk<\/td>\n\t\t<td>055\/602 3268<\/td>\n        <\/tr>\n   <!--     <tr>\n              <td><a href=\"https:\/\/kamahi.ekf.tuke.sk\/index.php\/tomas-pitka\/\">Ing. Tom\u00e1\u0161 Pitka<\/a><\/td>\n                <td>intern\u00fd doktorand<\/td>\n\t\t<td>N\u011bmcovej 32<\/td>\n\t\t<td><\/td>\n\t\t<td>tomas.pitka@student.tuke.sk<\/td>\n\t\t<td> <\/td>\n        <\/tr> -->\n        <tr>\n              <td><a href=\"https:\/\/kamahi.ekf.tuke.sk\/index.php\/michal-kocis\/\">Ing. Michal Ko\u010di\u0161<\/a><\/td>\n                <td>syst\u00e9mov\u00fd administr\u00e1tor<\/td>\n\t\t<td>N\u011bmcovej 32<\/td>\n\t\t<td>214<\/td>\n\t\t<td>michal.kocis@tuke.sk<\/td>\n\t\t<td>055\/602 3260<\/td>\n        <\/tr>\n        <tr>\n              <td><a href=\"https:\/\/kamahi.ekf.tuke.sk\/index.php\/adela-szalayova\/\">Mgr. Adela Szalayov\u00e1<\/a><\/td>\n                <td>syst\u00e9mov\u00e1 administr\u00e1torka<\/td>\n\t\t<td>N\u011bmcovej 32<\/td>\n\t\t<td>214<\/td>\n\t\t<td>adela.szalayova@tuke.sk<\/td>\n\t\t<td>055\/602 3316<\/td>\n        <\/tr>\n        <\/table>\n","protected":false},"excerpt":{"rendered":"<p>Meno Poz\u00edcia Budova Miestnos\u0165 E-mail Telef\u00f3n doc. RNDr. Jozef Bucko, PhD. ved\u00faci katedry N\u011bmcovej 32 112 jozef.bucko@tuke.sk 055\/602 3266 RNDr. J\u00falius Czap, PhD. odborn\u00fd asistent&hellip;<\/p>\n","protected":false},"author":1,"featured_media":0,"parent":0,"menu_order":2,"comment_status":"closed","ping_status":"closed","template":"","meta":{"footnotes":""},"class_list":["post-91","page","type-page","status-publish","hentry","no-post-thumbnail"],"_links":{"self":[{"href":"https:\/\/kamahi.ekf.tuke.sk\/index.php\/wp-json\/wp\/v2\/pages\/91"}],"collection":[{"href":"https:\/\/kamahi.ekf.tuke.sk\/index.php\/wp-json\/wp\/v2\/pages"}],"about":[{"href":"https:\/\/kamahi.ekf.tuke.sk\/index.php\/wp-json\/wp\/v2\/types\/page"}],"author":[{"embeddable":true,"href":"https:\/\/kamahi.ekf.tuke.sk\/index.php\/wp-json\/wp\/v2\/users\/1"}],"replies":[{"embeddable":true,"href":"https:\/\/kamahi.ekf.tuke.sk\/index.php\/wp-json\/wp\/v2\/comments?post=91"}],"version-history":[{"count":51,"href":"https:\/\/kamahi.ekf.tuke.sk\/index.php\/wp-json\/wp\/v2\/pages\/91\/revisions"}],"predecessor-version":[{"id":3965,"href":"https:\/\/kamahi.ekf.tuke.sk\/index.php\/wp-json\/wp\/v2\/pages\/91\/revisions\/3965"}],"wp:attachment":[{"href":"https:\/\/kamahi.ekf.tuke.sk\/index.php\/wp-json\/wp\/v2\/media?parent=91"}],"curies":[{"name":"wp","href":"https:\/\/api.w.org\/{rel}","templated":true}]}}